{"id":6947,"date":"2023-12-06T21:36:01","date_gmt":"2023-12-06T21:36:01","guid":{"rendered":"https:\/\/eltiosam.com.mx\/?post_type=product&#038;p=6947"},"modified":"2025-07-31T01:48:00","modified_gmt":"2025-07-31T01:48:00","slug":"limpiador-affresh-para-lavadoras-alta-eficiencia-he-w10135699","status":"publish","type":"product","link":"https:\/\/eltiosam.com.mx\/index.php\/product\/limpiador-affresh-para-lavadoras-alta-eficiencia-he-w10135699\/","title":{"rendered":"Limpiador Affresh para lavadoras Alta Eficiencia HE W10135699"},"content":{"rendered":"<p><strong>Descripci\u00f3n:<\/strong><\/p>\n<p>El limpiador Affresh W10135699 es una opci\u00f3n conveniente y f\u00e1cil de usar para mantener su lavadora limpia y libre de residuos y malos olores, asegurando una mayor eficiencia y durabilidad del electrodom\u00e9stico\u200b\u200b\u200b\u200b\u200b\u200b.<\/p>\n","protected":false},"excerpt":{"rendered":"<p>Descripci\u00f3n: El limpiador Affresh W10135699 es una opci\u00f3n conveniente y f\u00e1cil de usar para mantener su lavadora limpia y libre de residuos y malos olores, asegurando una mayor eficiencia y durabilidad del electrodom\u00e9stico\u200b\u200b\u200b\u200b\u200b\u200b.<\/p>\n","protected":false},"featured_media":6948,"template":"","meta":{"_joinchat":[]},"product_brand":[],"product_cat":[158],"product_tag":[204],"class_list":{"0":"post-6947","1":"product","2":"type-product","3":"status-publish","4":"has-post-thumbnail","6":"product_cat-accesorios","7":"product_tag-whirlpool","9":"first","10":"instock","11":"shipping-taxable","12":"product-type-simple"},"_links":{"self":[{"href":"https:\/\/eltiosam.com.mx\/index.php\/wp-json\/wp\/v2\/product\/6947","targetHints":{"allow":["GET"]}}],"collection":[{"href":"https:\/\/eltiosam.com.mx\/index.php\/wp-json\/wp\/v2\/product"}],"about":[{"href":"https:\/\/eltiosam.com.mx\/index.php\/wp-json\/wp\/v2\/types\/product"}],"wp:featuredmedia":[{"embeddable":true,"href":"https:\/\/eltiosam.com.mx\/index.php\/wp-json\/wp\/v2\/media\/6948"}],"wp:attachment":[{"href":"https:\/\/eltiosam.com.mx\/index.php\/wp-json\/wp\/v2\/media?parent=6947"}],"wp:term":[{"taxonomy":"product_brand","embeddable":true,"href":"https:\/\/eltiosam.com.mx\/index.php\/wp-json\/wp\/v2\/product_brand?post=6947"},{"taxonomy":"product_cat","embeddable":true,"href":"https:\/\/eltiosam.com.mx\/index.php\/wp-json\/wp\/v2\/product_cat?post=6947"},{"taxonomy":"product_tag","embeddable":true,"href":"https:\/\/eltiosam.com.mx\/index.php\/wp-json\/wp\/v2\/product_tag?post=6947"}],"curies":[{"name":"wp","href":"https:\/\/api.w.org\/{rel}","templated":true}]}}