{"id":6942,"date":"2023-12-06T21:34:05","date_gmt":"2023-12-06T21:34:05","guid":{"rendered":"https:\/\/eltiosam.com.mx\/?post_type=product&#038;p=6942"},"modified":"2024-02-02T19:48:56","modified_gmt":"2024-02-02T19:48:56","slug":"cafetera-whirlpool-wcm242b-empotrable-negro","status":"publish","type":"product","link":"https:\/\/eltiosam.com.mx\/index.php\/product\/cafetera-whirlpool-wcm242b-empotrable-negro\/","title":{"rendered":"Cafetera Whirlpool WCM242B &#8211; Empotrable Negro"},"content":{"rendered":"<p>La Cafetera Whirlpool WCM242B es un electrodom\u00e9stico empotrable con funciones avanzadas que brindan una experiencia personalizada para la preparaci\u00f3n de bebidas. A continuaci\u00f3n, se detallan sus principales caracter\u00edsticas:<\/p>\n<p>Esta cafetera ofrece comodidad y versatilidad en la preparaci\u00f3n de caf\u00e9, brindando opciones personalizadas y funciones programables. Si tienes alguna pregunta adicional o necesitas m\u00e1s detalles, no dudes en preguntar.<\/p>\n","protected":false},"excerpt":{"rendered":"<p>La Cafetera Whirlpool WCM242B es un electrodom\u00e9stico empotrable con funciones avanzadas que brindan una experiencia personalizada para la preparaci\u00f3n de bebidas. A continuaci\u00f3n, se detallan sus principales caracter\u00edsticas: Esta cafetera ofrece comodidad y versatilidad en la preparaci\u00f3n de caf\u00e9, brindando opciones personalizadas y funciones programables. Si tienes alguna pregunta adicional o necesitas m\u00e1s detalles, no [&hellip;]<\/p>\n","protected":false},"featured_media":6943,"template":"","meta":{"_joinchat":[]},"product_brand":[],"product_cat":[224],"product_tag":[204],"class_list":{"0":"post-6942","1":"product","2":"type-product","3":"status-publish","4":"has-post-thumbnail","6":"product_cat-cafeteras","7":"product_tag-whirlpool","9":"first","10":"instock","11":"shipping-taxable","12":"product-type-simple"},"_links":{"self":[{"href":"https:\/\/eltiosam.com.mx\/index.php\/wp-json\/wp\/v2\/product\/6942","targetHints":{"allow":["GET"]}}],"collection":[{"href":"https:\/\/eltiosam.com.mx\/index.php\/wp-json\/wp\/v2\/product"}],"about":[{"href":"https:\/\/eltiosam.com.mx\/index.php\/wp-json\/wp\/v2\/types\/product"}],"wp:featuredmedia":[{"embeddable":true,"href":"https:\/\/eltiosam.com.mx\/index.php\/wp-json\/wp\/v2\/media\/6943"}],"wp:attachment":[{"href":"https:\/\/eltiosam.com.mx\/index.php\/wp-json\/wp\/v2\/media?parent=6942"}],"wp:term":[{"taxonomy":"product_brand","embeddable":true,"href":"https:\/\/eltiosam.com.mx\/index.php\/wp-json\/wp\/v2\/product_brand?post=6942"},{"taxonomy":"product_cat","embeddable":true,"href":"https:\/\/eltiosam.com.mx\/index.php\/wp-json\/wp\/v2\/product_cat?post=6942"},{"taxonomy":"product_tag","embeddable":true,"href":"https:\/\/eltiosam.com.mx\/index.php\/wp-json\/wp\/v2\/product_tag?post=6942"}],"curies":[{"name":"wp","href":"https:\/\/api.w.org\/{rel}","templated":true}]}}