{"id":6930,"date":"2023-12-06T21:24:14","date_gmt":"2023-12-06T21:24:14","guid":{"rendered":"https:\/\/eltiosam.com.mx\/?post_type=product&#038;p=6930"},"modified":"2025-07-31T01:47:15","modified_gmt":"2025-07-31T01:47:15","slug":"despachador-de-agua-con-opcion-de-agua-fria-o-caliente-blanco-wk5012q","status":"publish","type":"product","link":"https:\/\/eltiosam.com.mx\/index.php\/product\/despachador-de-agua-con-opcion-de-agua-fria-o-caliente-blanco-wk5012q\/","title":{"rendered":"Despachador de Agua con Opcion de Agua Fria o Caliente Blanco WK5012Q"},"content":{"rendered":"<p>El Whirlpool WK5012Q es una excelente opci\u00f3n para aquellos que buscan comodidad al momento de consumir agua fresca y caliente en casa u oficina. Con su dise\u00f1o moderno, capacidad adecuada y facilidad de uso, este electrodom\u00e9stico ofrece soluciones pr\u00e1cticas e innovadoras para mejorar la calidad del d\u00eda a d\u00eda\u200b\u200b\u200b\u200b\u200b\u200b\u200b\u200b.<\/p>\n","protected":false},"excerpt":{"rendered":"<p>El Whirlpool WK5012Q es una excelente opci\u00f3n para aquellos que buscan comodidad al momento de consumir agua fresca y caliente en casa u oficina. Con su dise\u00f1o moderno, capacidad adecuada y facilidad de uso, este electrodom\u00e9stico ofrece soluciones pr\u00e1cticas e innovadoras para mejorar la calidad del d\u00eda a d\u00eda\u200b\u200b\u200b\u200b\u200b\u200b\u200b\u200b.<\/p>\n","protected":false},"featured_media":6931,"template":"","meta":{"_joinchat":[]},"product_brand":[],"product_cat":[169],"product_tag":[204],"class_list":{"0":"post-6930","1":"product","2":"type-product","3":"status-publish","4":"has-post-thumbnail","6":"product_cat-despachadores-de-agua","7":"product_tag-whirlpool","9":"first","10":"instock","11":"shipping-taxable","12":"product-type-simple"},"_links":{"self":[{"href":"https:\/\/eltiosam.com.mx\/index.php\/wp-json\/wp\/v2\/product\/6930","targetHints":{"allow":["GET"]}}],"collection":[{"href":"https:\/\/eltiosam.com.mx\/index.php\/wp-json\/wp\/v2\/product"}],"about":[{"href":"https:\/\/eltiosam.com.mx\/index.php\/wp-json\/wp\/v2\/types\/product"}],"wp:featuredmedia":[{"embeddable":true,"href":"https:\/\/eltiosam.com.mx\/index.php\/wp-json\/wp\/v2\/media\/6931"}],"wp:attachment":[{"href":"https:\/\/eltiosam.com.mx\/index.php\/wp-json\/wp\/v2\/media?parent=6930"}],"wp:term":[{"taxonomy":"product_brand","embeddable":true,"href":"https:\/\/eltiosam.com.mx\/index.php\/wp-json\/wp\/v2\/product_brand?post=6930"},{"taxonomy":"product_cat","embeddable":true,"href":"https:\/\/eltiosam.com.mx\/index.php\/wp-json\/wp\/v2\/product_cat?post=6930"},{"taxonomy":"product_tag","embeddable":true,"href":"https:\/\/eltiosam.com.mx\/index.php\/wp-json\/wp\/v2\/product_tag?post=6930"}],"curies":[{"name":"wp","href":"https:\/\/api.w.org\/{rel}","templated":true}]}}