{"id":6924,"date":"2023-12-06T21:17:51","date_gmt":"2023-12-06T21:17:51","guid":{"rendered":"https:\/\/eltiosam.com.mx\/?post_type=product&#038;p=6924"},"modified":"2025-07-31T01:47:44","modified_gmt":"2025-07-31T01:47:44","slug":"campana-de-pared-whv8040b-31-5-en-acero-inoxidable","status":"publish","type":"product","link":"https:\/\/eltiosam.com.mx\/index.php\/product\/campana-de-pared-whv8040b-31-5-en-acero-inoxidable\/","title":{"rendered":"Campana de pared Whirlpool WHV8040B 31.5&#8243; en acero inoxidable"},"content":{"rendered":"<p>Esta campana de pared Whirlpool WHV8040B no solo ofrece un rendimiento potente con su capacidad de extracci\u00f3n de 629 m3\/h y 1195 velocidades, sino que tambi\u00e9n agrega un toque de elegancia a tu cocina con su dise\u00f1o en acero inoxidable y vidrio templado. Los controles t\u00e1ctiles y el filtro antigrasa lavable hacen que su uso y mantenimiento sean pr\u00e1cticos. Un elemento esencial para mantener tu cocina libre de olores no deseados.<\/p>\n","protected":false},"excerpt":{"rendered":"<p>Esta campana de pared Whirlpool WHV8040B no solo ofrece un rendimiento potente con su capacidad de extracci\u00f3n de 629 m3\/h y 1195 velocidades, sino que tambi\u00e9n agrega un toque de elegancia a tu cocina con su dise\u00f1o en acero inoxidable y vidrio templado. Los controles t\u00e1ctiles y el filtro antigrasa lavable hacen que su uso [&hellip;]<\/p>\n","protected":false},"featured_media":6925,"template":"","meta":{"_joinchat":[]},"product_brand":[],"product_cat":[45,29],"product_tag":[204],"class_list":{"0":"post-6924","1":"product","2":"type-product","3":"status-publish","4":"has-post-thumbnail","6":"product_cat-campanas","7":"product_cat-coccion","8":"product_tag-whirlpool","10":"first","11":"instock","12":"shipping-taxable","13":"product-type-simple"},"_links":{"self":[{"href":"https:\/\/eltiosam.com.mx\/index.php\/wp-json\/wp\/v2\/product\/6924","targetHints":{"allow":["GET"]}}],"collection":[{"href":"https:\/\/eltiosam.com.mx\/index.php\/wp-json\/wp\/v2\/product"}],"about":[{"href":"https:\/\/eltiosam.com.mx\/index.php\/wp-json\/wp\/v2\/types\/product"}],"wp:featuredmedia":[{"embeddable":true,"href":"https:\/\/eltiosam.com.mx\/index.php\/wp-json\/wp\/v2\/media\/6925"}],"wp:attachment":[{"href":"https:\/\/eltiosam.com.mx\/index.php\/wp-json\/wp\/v2\/media?parent=6924"}],"wp:term":[{"taxonomy":"product_brand","embeddable":true,"href":"https:\/\/eltiosam.com.mx\/index.php\/wp-json\/wp\/v2\/product_brand?post=6924"},{"taxonomy":"product_cat","embeddable":true,"href":"https:\/\/eltiosam.com.mx\/index.php\/wp-json\/wp\/v2\/product_cat?post=6924"},{"taxonomy":"product_tag","embeddable":true,"href":"https:\/\/eltiosam.com.mx\/index.php\/wp-json\/wp\/v2\/product_tag?post=6924"}],"curies":[{"name":"wp","href":"https:\/\/api.w.org\/{rel}","templated":true}]}}