{"id":6918,"date":"2023-12-06T21:10:17","date_gmt":"2023-12-06T21:10:17","guid":{"rendered":"https:\/\/eltiosam.com.mx\/?post_type=product&#038;p=6918"},"modified":"2024-02-13T01:23:19","modified_gmt":"2024-02-13T01:23:19","slug":"horno-electrico-whirlpool-wos52es4mbx-capacidad-76-l","status":"publish","type":"product","link":"https:\/\/eltiosam.com.mx\/index.php\/product\/horno-electrico-whirlpool-wos52es4mbx-capacidad-76-l\/","title":{"rendered":"Horno el\u00e9ctrico Whirlpool WOS52ES4MBX capacidad 76 L"},"content":{"rendered":"<p><strong>Descripci\u00f3n:<\/strong><br \/>\nEl <strong>Horno El\u00e9ctrico Empotrable Inteligente Whirlpool WOS52ES4MBX<\/strong> es una opci\u00f3n moderna y funcional para su cocina. Este horno es ideal para aquellos que buscan un horno empotrable con funciones avanzadas, conectividad inteligente y un dise\u00f1o elegante y moderno\u200b\u200b\u200b\u200b\u200b\u200b.<\/p>\n","protected":false},"excerpt":{"rendered":"<p>Descripci\u00f3n: El Horno El\u00e9ctrico Empotrable Inteligente Whirlpool WOS52ES4MBX es una opci\u00f3n moderna y funcional para su cocina. Este horno es ideal para aquellos que buscan un horno empotrable con funciones avanzadas, conectividad inteligente y un dise\u00f1o elegante y moderno\u200b\u200b\u200b\u200b\u200b\u200b.<\/p>\n","protected":false},"featured_media":6919,"template":"","meta":{"_joinchat":[]},"product_brand":[],"product_cat":[175],"product_tag":[204],"class_list":{"0":"post-6918","1":"product","2":"type-product","3":"status-publish","4":"has-post-thumbnail","6":"product_cat-hornos","7":"product_tag-whirlpool","9":"first","10":"instock","11":"shipping-taxable","12":"product-type-simple"},"_links":{"self":[{"href":"https:\/\/eltiosam.com.mx\/index.php\/wp-json\/wp\/v2\/product\/6918","targetHints":{"allow":["GET"]}}],"collection":[{"href":"https:\/\/eltiosam.com.mx\/index.php\/wp-json\/wp\/v2\/product"}],"about":[{"href":"https:\/\/eltiosam.com.mx\/index.php\/wp-json\/wp\/v2\/types\/product"}],"wp:featuredmedia":[{"embeddable":true,"href":"https:\/\/eltiosam.com.mx\/index.php\/wp-json\/wp\/v2\/media\/6919"}],"wp:attachment":[{"href":"https:\/\/eltiosam.com.mx\/index.php\/wp-json\/wp\/v2\/media?parent=6918"}],"wp:term":[{"taxonomy":"product_brand","embeddable":true,"href":"https:\/\/eltiosam.com.mx\/index.php\/wp-json\/wp\/v2\/product_brand?post=6918"},{"taxonomy":"product_cat","embeddable":true,"href":"https:\/\/eltiosam.com.mx\/index.php\/wp-json\/wp\/v2\/product_cat?post=6918"},{"taxonomy":"product_tag","embeddable":true,"href":"https:\/\/eltiosam.com.mx\/index.php\/wp-json\/wp\/v2\/product_tag?post=6918"}],"curies":[{"name":"wp","href":"https:\/\/api.w.org\/{rel}","templated":true}]}}