{"id":6908,"date":"2023-12-06T19:54:54","date_gmt":"2023-12-06T19:54:54","guid":{"rendered":"https:\/\/eltiosam.com.mx\/?post_type=product&#038;p=6908"},"modified":"2026-03-17T23:08:29","modified_gmt":"2026-03-17T23:08:29","slug":"lavadora-whirlpool-carga-frontal-21-kg-xpert-inverter-blanca","status":"publish","type":"product","link":"https:\/\/eltiosam.com.mx\/index.php\/product\/lavadora-whirlpool-carga-frontal-21-kg-xpert-inverter-blanca\/","title":{"rendered":"Lavadora Whirlpool Carga Frontal 21 kg Xpert Inverter Blanca 7MWFW5605MW"},"content":{"rendered":"<p><strong>Descripci\u00f3n:<\/strong><\/p>\n<p>Esta lavadora Whirlpool Xpert Inverter Blanca ofrece un rendimiento avanzado con funciones como Steam Clean, Tumble Fresh y un dise\u00f1o eficiente para el cuidado de la ropa. Con capacidad de 21 kg y garant\u00eda de 10 a\u00f1os en el motor, es una opci\u00f3n vers\u00e1til y duradera para las necesidades de lavado de tu hogar.<\/p>\n<p><syndigo-powerpage pageid=\"5740340\"><\/syndigo-powerpage><\/p>\n","protected":false},"excerpt":{"rendered":"<p>Descripci\u00f3n: Esta lavadora Whirlpool Xpert Inverter Blanca ofrece un rendimiento avanzado con funciones como Steam Clean, Tumble Fresh y un dise\u00f1o eficiente para el cuidado de la ropa. Con capacidad de 21 kg y garant\u00eda de 10 a\u00f1os en el motor, es una opci\u00f3n vers\u00e1til y duradera para las necesidades de lavado de tu hogar.<\/p>\n","protected":false},"featured_media":6912,"template":"","meta":{"_joinchat":[]},"product_brand":[],"product_cat":[179,180],"product_tag":[204],"class_list":{"0":"post-6908","1":"product","2":"type-product","3":"status-publish","4":"has-post-thumbnail","6":"product_cat-lavadoras","7":"product_cat-lavadoras-carga-frontal","8":"product_tag-whirlpool","10":"first","11":"instock","12":"shipping-taxable","13":"product-type-simple"},"_links":{"self":[{"href":"https:\/\/eltiosam.com.mx\/index.php\/wp-json\/wp\/v2\/product\/6908","targetHints":{"allow":["GET"]}}],"collection":[{"href":"https:\/\/eltiosam.com.mx\/index.php\/wp-json\/wp\/v2\/product"}],"about":[{"href":"https:\/\/eltiosam.com.mx\/index.php\/wp-json\/wp\/v2\/types\/product"}],"wp:featuredmedia":[{"embeddable":true,"href":"https:\/\/eltiosam.com.mx\/index.php\/wp-json\/wp\/v2\/media\/6912"}],"wp:attachment":[{"href":"https:\/\/eltiosam.com.mx\/index.php\/wp-json\/wp\/v2\/media?parent=6908"}],"wp:term":[{"taxonomy":"product_brand","embeddable":true,"href":"https:\/\/eltiosam.com.mx\/index.php\/wp-json\/wp\/v2\/product_brand?post=6908"},{"taxonomy":"product_cat","embeddable":true,"href":"https:\/\/eltiosam.com.mx\/index.php\/wp-json\/wp\/v2\/product_cat?post=6908"},{"taxonomy":"product_tag","embeddable":true,"href":"https:\/\/eltiosam.com.mx\/index.php\/wp-json\/wp\/v2\/product_tag?post=6908"}],"curies":[{"name":"wp","href":"https:\/\/api.w.org\/{rel}","templated":true}]}}