{"id":6902,"date":"2023-12-06T19:51:26","date_gmt":"2023-12-06T19:51:26","guid":{"rendered":"https:\/\/eltiosam.com.mx\/?post_type=product&#038;p=6902"},"modified":"2024-02-14T18:20:47","modified_gmt":"2024-02-14T18:20:47","slug":"lavadora-whirlpool-automatica-8mwtw2423wpm-24-kg-blanca","status":"publish","type":"product","link":"https:\/\/eltiosam.com.mx\/index.php\/product\/lavadora-whirlpool-automatica-8mwtw2423wpm-24-kg-blanca\/","title":{"rendered":"Lavadora Whirlpool Autom\u00e1tica 8MWTW2423WPM 24 kg Blanca"},"content":{"rendered":"<p><strong>Descripci\u00f3n:<\/strong><\/p>\n<p>La lavadora Whirlpool 8MWTW2423WPM ofrece una generosa capacidad de carga de 24 kg, lo que la convierte en una opci\u00f3n ideal para grandes vol\u00famenes de ropa. Con agitador double action y una variedad de ciclos autom\u00e1ticos y manuales, esta lavadora permite adaptarse a diferentes necesidades de lavado. Los dep\u00f3sitos autom\u00e1ticos para suavizante y blanqueador, junto con las perillas de carga inteligente y ciclos m\u00faltiples, brindan versatilidad y conveniencia. Con su dise\u00f1o de carga superior, facilita la carga y descarga de la ropa. Aseg\u00farate de seguir las instrucciones del fabricante para un uso \u00f3ptimo y duradero.<\/p>\n","protected":false},"excerpt":{"rendered":"<p>Descripci\u00f3n: La lavadora Whirlpool 8MWTW2423WPM ofrece una generosa capacidad de carga de 24 kg, lo que la convierte en una opci\u00f3n ideal para grandes vol\u00famenes de ropa. Con agitador double action y una variedad de ciclos autom\u00e1ticos y manuales, esta lavadora permite adaptarse a diferentes necesidades de lavado. Los dep\u00f3sitos autom\u00e1ticos para suavizante y blanqueador, [&hellip;]<\/p>\n","protected":false},"featured_media":6903,"template":"","meta":{"_joinchat":[]},"product_brand":[],"product_cat":[179],"product_tag":[204],"class_list":{"0":"post-6902","1":"product","2":"type-product","3":"status-publish","4":"has-post-thumbnail","6":"product_cat-lavadoras","7":"product_tag-whirlpool","9":"first","10":"instock","11":"shipping-taxable","12":"product-type-simple"},"_links":{"self":[{"href":"https:\/\/eltiosam.com.mx\/index.php\/wp-json\/wp\/v2\/product\/6902","targetHints":{"allow":["GET"]}}],"collection":[{"href":"https:\/\/eltiosam.com.mx\/index.php\/wp-json\/wp\/v2\/product"}],"about":[{"href":"https:\/\/eltiosam.com.mx\/index.php\/wp-json\/wp\/v2\/types\/product"}],"wp:featuredmedia":[{"embeddable":true,"href":"https:\/\/eltiosam.com.mx\/index.php\/wp-json\/wp\/v2\/media\/6903"}],"wp:attachment":[{"href":"https:\/\/eltiosam.com.mx\/index.php\/wp-json\/wp\/v2\/media?parent=6902"}],"wp:term":[{"taxonomy":"product_brand","embeddable":true,"href":"https:\/\/eltiosam.com.mx\/index.php\/wp-json\/wp\/v2\/product_brand?post=6902"},{"taxonomy":"product_cat","embeddable":true,"href":"https:\/\/eltiosam.com.mx\/index.php\/wp-json\/wp\/v2\/product_cat?post=6902"},{"taxonomy":"product_tag","embeddable":true,"href":"https:\/\/eltiosam.com.mx\/index.php\/wp-json\/wp\/v2\/product_tag?post=6902"}],"curies":[{"name":"wp","href":"https:\/\/api.w.org\/{rel}","templated":true}]}}