{"id":6892,"date":"2023-12-06T19:42:58","date_gmt":"2023-12-06T19:42:58","guid":{"rendered":"https:\/\/eltiosam.com.mx\/?post_type=product&#038;p=6892"},"modified":"2024-02-20T05:08:53","modified_gmt":"2024-02-20T05:08:53","slug":"mezcladora-monomando-tecnolam-tec127ss","status":"publish","type":"product","link":"https:\/\/eltiosam.com.mx\/index.php\/product\/mezcladora-monomando-tecnolam-tec127ss\/","title":{"rendered":"Mezcladora Monomando Tecnolam TEC127SS"},"content":{"rendered":"<p><strong>Descripci\u00f3n:<\/strong><\/p>\n<p>Esta mezcladora est\u00e1 dise\u00f1ada para cocinas y presenta caracter\u00edsticas notables, como su construcci\u00f3n de acero inoxidable, l\u00edneas de suministro flexibles, indicadores de flujo rojos y azules, y un cartucho de disco de cer\u00e1mica. Adem\u00e1s, cuenta con un dise\u00f1o italiano moderno y estilizado.<\/p>\n<p>&nbsp;<\/p>\n","protected":false},"excerpt":{"rendered":"<p>Descripci\u00f3n: Esta mezcladora est\u00e1 dise\u00f1ada para cocinas y presenta caracter\u00edsticas notables, como su construcci\u00f3n de acero inoxidable, l\u00edneas de suministro flexibles, indicadores de flujo rojos y azules, y un cartucho de disco de cer\u00e1mica. Adem\u00e1s, cuenta con un dise\u00f1o italiano moderno y estilizado. &nbsp;<\/p>\n","protected":false},"featured_media":6893,"template":"","meta":{"_joinchat":[]},"product_brand":[],"product_cat":[183,42],"product_tag":[30],"class_list":{"0":"post-6892","1":"product","2":"type-product","3":"status-publish","4":"has-post-thumbnail","6":"product_cat-mezcladoras","7":"product_cat-varios","8":"product_tag-tecnolam","10":"first","11":"instock","12":"shipping-taxable","13":"product-type-simple"},"_links":{"self":[{"href":"https:\/\/eltiosam.com.mx\/index.php\/wp-json\/wp\/v2\/product\/6892","targetHints":{"allow":["GET"]}}],"collection":[{"href":"https:\/\/eltiosam.com.mx\/index.php\/wp-json\/wp\/v2\/product"}],"about":[{"href":"https:\/\/eltiosam.com.mx\/index.php\/wp-json\/wp\/v2\/types\/product"}],"wp:featuredmedia":[{"embeddable":true,"href":"https:\/\/eltiosam.com.mx\/index.php\/wp-json\/wp\/v2\/media\/6893"}],"wp:attachment":[{"href":"https:\/\/eltiosam.com.mx\/index.php\/wp-json\/wp\/v2\/media?parent=6892"}],"wp:term":[{"taxonomy":"product_brand","embeddable":true,"href":"https:\/\/eltiosam.com.mx\/index.php\/wp-json\/wp\/v2\/product_brand?post=6892"},{"taxonomy":"product_cat","embeddable":true,"href":"https:\/\/eltiosam.com.mx\/index.php\/wp-json\/wp\/v2\/product_cat?post=6892"},{"taxonomy":"product_tag","embeddable":true,"href":"https:\/\/eltiosam.com.mx\/index.php\/wp-json\/wp\/v2\/product_tag?post=6892"}],"curies":[{"name":"wp","href":"https:\/\/api.w.org\/{rel}","templated":true}]}}