{"id":6886,"date":"2023-12-06T19:38:04","date_gmt":"2023-12-06T19:38:04","guid":{"rendered":"https:\/\/eltiosam.com.mx\/?post_type=product&#038;p=6886"},"modified":"2024-02-12T21:06:45","modified_gmt":"2024-02-12T21:06:45","slug":"horno-electrico-220-v-80-cm-ge-profile-hgp8050ye1","status":"publish","type":"product","link":"https:\/\/eltiosam.com.mx\/index.php\/product\/horno-electrico-220-v-80-cm-ge-profile-hgp8050ye1\/","title":{"rendered":"Horno El\u00e9ctrico 220 V 80 cm GE PROFILE &#8211; HGP8050YE1"},"content":{"rendered":"<p><strong>Descripci\u00f3n:<\/strong><br \/>\nEste horno el\u00e9ctrico GE PROFILE HGP8050YE1 destaca por su eficiencia, capacidad de convecci\u00f3n, y opciones vers\u00e1tiles como la sonda de temperatura para una cocci\u00f3n precisa. Adem\u00e1s, ofrece la conveniencia del modo Sabbath y la funcionalidad de Air Fry para fre\u00edr alimentos sin aceite. Aseg\u00farate de seguir las recomendaciones del fabricante para un uso eficiente y seguro.<\/p>\n","protected":false},"excerpt":{"rendered":"<p>Descripci\u00f3n: Este horno el\u00e9ctrico GE PROFILE HGP8050YE1 destaca por su eficiencia, capacidad de convecci\u00f3n, y opciones vers\u00e1tiles como la sonda de temperatura para una cocci\u00f3n precisa. Adem\u00e1s, ofrece la conveniencia del modo Sabbath y la funcionalidad de Air Fry para fre\u00edr alimentos sin aceite. Aseg\u00farate de seguir las recomendaciones del fabricante para un uso eficiente [&hellip;]<\/p>\n","protected":false},"featured_media":6887,"template":"","meta":{"_joinchat":[]},"product_brand":[],"product_cat":[175],"product_tag":[117],"class_list":{"0":"post-6886","1":"product","2":"type-product","3":"status-publish","4":"has-post-thumbnail","6":"product_cat-hornos","7":"product_tag-ge-profile","9":"first","10":"instock","11":"shipping-taxable","12":"product-type-simple"},"_links":{"self":[{"href":"https:\/\/eltiosam.com.mx\/index.php\/wp-json\/wp\/v2\/product\/6886","targetHints":{"allow":["GET"]}}],"collection":[{"href":"https:\/\/eltiosam.com.mx\/index.php\/wp-json\/wp\/v2\/product"}],"about":[{"href":"https:\/\/eltiosam.com.mx\/index.php\/wp-json\/wp\/v2\/types\/product"}],"wp:featuredmedia":[{"embeddable":true,"href":"https:\/\/eltiosam.com.mx\/index.php\/wp-json\/wp\/v2\/media\/6887"}],"wp:attachment":[{"href":"https:\/\/eltiosam.com.mx\/index.php\/wp-json\/wp\/v2\/media?parent=6886"}],"wp:term":[{"taxonomy":"product_brand","embeddable":true,"href":"https:\/\/eltiosam.com.mx\/index.php\/wp-json\/wp\/v2\/product_brand?post=6886"},{"taxonomy":"product_cat","embeddable":true,"href":"https:\/\/eltiosam.com.mx\/index.php\/wp-json\/wp\/v2\/product_cat?post=6886"},{"taxonomy":"product_tag","embeddable":true,"href":"https:\/\/eltiosam.com.mx\/index.php\/wp-json\/wp\/v2\/product_tag?post=6886"}],"curies":[{"name":"wp","href":"https:\/\/api.w.org\/{rel}","templated":true}]}}