{"id":6871,"date":"2023-12-06T19:26:42","date_gmt":"2023-12-06T19:26:42","guid":{"rendered":"https:\/\/eltiosam.com.mx\/?post_type=product&#038;p=6871"},"modified":"2024-02-12T17:28:17","modified_gmt":"2024-02-12T17:28:17","slug":"horno-de-gas-60cm-ge-profile-hgp6065lwai1","status":"publish","type":"product","link":"https:\/\/eltiosam.com.mx\/index.php\/product\/horno-de-gas-60cm-ge-profile-hgp6065lwai1\/","title":{"rendered":"Horno de Gas 60cm GE Profile HGP6065LWAI1"},"content":{"rendered":"<p><strong>Descripci\u00f3n:<\/strong><\/p>\n<p>Este horno GE Profile de 60 cm ofrece no solo un dise\u00f1o elegante con su panel Glass Touch y serigraf\u00eda explicativa, sino tambi\u00e9n un rendimiento excepcional con tecnolog\u00eda de convecci\u00f3n europea. Con diversas funciones, niveles de parrillas y programas preestablecidos, proporciona versatilidad para una variedad de preparaciones en la cocina. Adem\u00e1s, su bloqueo de seguridad y display digital hacen que sea f\u00e1cil y seguro de usar.<\/p>\n","protected":false},"excerpt":{"rendered":"<p>Descripci\u00f3n: Este horno GE Profile de 60 cm ofrece no solo un dise\u00f1o elegante con su panel Glass Touch y serigraf\u00eda explicativa, sino tambi\u00e9n un rendimiento excepcional con tecnolog\u00eda de convecci\u00f3n europea. Con diversas funciones, niveles de parrillas y programas preestablecidos, proporciona versatilidad para una variedad de preparaciones en la cocina. Adem\u00e1s, su bloqueo de [&hellip;]<\/p>\n","protected":false},"featured_media":6872,"template":"","meta":{"_joinchat":[]},"product_brand":[],"product_cat":[175],"product_tag":[117],"class_list":{"0":"post-6871","1":"product","2":"type-product","3":"status-publish","4":"has-post-thumbnail","6":"product_cat-hornos","7":"product_tag-ge-profile","9":"first","10":"instock","11":"shipping-taxable","12":"product-type-simple"},"_links":{"self":[{"href":"https:\/\/eltiosam.com.mx\/index.php\/wp-json\/wp\/v2\/product\/6871","targetHints":{"allow":["GET"]}}],"collection":[{"href":"https:\/\/eltiosam.com.mx\/index.php\/wp-json\/wp\/v2\/product"}],"about":[{"href":"https:\/\/eltiosam.com.mx\/index.php\/wp-json\/wp\/v2\/types\/product"}],"wp:featuredmedia":[{"embeddable":true,"href":"https:\/\/eltiosam.com.mx\/index.php\/wp-json\/wp\/v2\/media\/6872"}],"wp:attachment":[{"href":"https:\/\/eltiosam.com.mx\/index.php\/wp-json\/wp\/v2\/media?parent=6871"}],"wp:term":[{"taxonomy":"product_brand","embeddable":true,"href":"https:\/\/eltiosam.com.mx\/index.php\/wp-json\/wp\/v2\/product_brand?post=6871"},{"taxonomy":"product_cat","embeddable":true,"href":"https:\/\/eltiosam.com.mx\/index.php\/wp-json\/wp\/v2\/product_cat?post=6871"},{"taxonomy":"product_tag","embeddable":true,"href":"https:\/\/eltiosam.com.mx\/index.php\/wp-json\/wp\/v2\/product_tag?post=6871"}],"curies":[{"name":"wp","href":"https:\/\/api.w.org\/{rel}","templated":true}]}}