{"id":6854,"date":"2023-12-06T19:10:38","date_gmt":"2023-12-06T19:10:38","guid":{"rendered":"https:\/\/eltiosam.com.mx\/?post_type=product&#038;p=6854"},"modified":"2024-02-14T01:18:55","modified_gmt":"2024-02-14T01:18:55","slug":"lavadora-automatica-aqua-saver-green-18-kg-blanca-mabe-lma78112cbab","status":"publish","type":"product","link":"https:\/\/eltiosam.com.mx\/index.php\/product\/lavadora-automatica-aqua-saver-green-18-kg-blanca-mabe-lma78112cbab\/","title":{"rendered":"Lavadora Autom\u00e1tica Aqua Saver Green 18 kg Blanca Mabe &#8211; LMA78112CBAB"},"content":{"rendered":"<p><strong>Descripci\u00f3n:<\/strong><\/p>\n<p>Esta lavadora Mabe destaca por su capacidad de 18 kg, el sistema Aqua Saver Green para el ahorro de agua, y la rapidez del Lavado Express. La tapa met\u00e1lica con seguro a\u00f1ade seguridad al proceso. Las dimensiones y el dise\u00f1o la hacen adecuada para ubicarla en espacios con acceso superior. Aseg\u00farate de seguir las recomendaciones del fabricante para un uso eficiente y duradero.<\/p>\n","protected":false},"excerpt":{"rendered":"<p>Descripci\u00f3n: Esta lavadora Mabe destaca por su capacidad de 18 kg, el sistema Aqua Saver Green para el ahorro de agua, y la rapidez del Lavado Express. La tapa met\u00e1lica con seguro a\u00f1ade seguridad al proceso. Las dimensiones y el dise\u00f1o la hacen adecuada para ubicarla en espacios con acceso superior. Aseg\u00farate de seguir las [&hellip;]<\/p>\n","protected":false},"featured_media":6855,"template":"","meta":{"_joinchat":[]},"product_brand":[],"product_cat":[179],"product_tag":[21],"class_list":{"0":"post-6854","1":"product","2":"type-product","3":"status-publish","4":"has-post-thumbnail","6":"product_cat-lavadoras","7":"product_tag-mabe","9":"first","10":"instock","11":"shipping-taxable","12":"product-type-simple"},"_links":{"self":[{"href":"https:\/\/eltiosam.com.mx\/index.php\/wp-json\/wp\/v2\/product\/6854","targetHints":{"allow":["GET"]}}],"collection":[{"href":"https:\/\/eltiosam.com.mx\/index.php\/wp-json\/wp\/v2\/product"}],"about":[{"href":"https:\/\/eltiosam.com.mx\/index.php\/wp-json\/wp\/v2\/types\/product"}],"wp:featuredmedia":[{"embeddable":true,"href":"https:\/\/eltiosam.com.mx\/index.php\/wp-json\/wp\/v2\/media\/6855"}],"wp:attachment":[{"href":"https:\/\/eltiosam.com.mx\/index.php\/wp-json\/wp\/v2\/media?parent=6854"}],"wp:term":[{"taxonomy":"product_brand","embeddable":true,"href":"https:\/\/eltiosam.com.mx\/index.php\/wp-json\/wp\/v2\/product_brand?post=6854"},{"taxonomy":"product_cat","embeddable":true,"href":"https:\/\/eltiosam.com.mx\/index.php\/wp-json\/wp\/v2\/product_cat?post=6854"},{"taxonomy":"product_tag","embeddable":true,"href":"https:\/\/eltiosam.com.mx\/index.php\/wp-json\/wp\/v2\/product_tag?post=6854"}],"curies":[{"name":"wp","href":"https:\/\/api.w.org\/{rel}","templated":true}]}}