{"id":6806,"date":"2023-12-06T18:31:39","date_gmt":"2023-12-06T18:31:39","guid":{"rendered":"https:\/\/eltiosam.com.mx\/?post_type=product&#038;p=6806"},"modified":"2024-02-22T00:51:51","modified_gmt":"2024-02-22T00:51:51","slug":"parrilla-de-gas-60-cm-inox-mabe-pmi6044pa0","status":"publish","type":"product","link":"https:\/\/eltiosam.com.mx\/index.php\/product\/parrilla-de-gas-60-cm-inox-mabe-pmi6044pa0\/","title":{"rendered":"Parrilla de Gas 60 cm Inox Mabe PMI6044PA0"},"content":{"rendered":"<p><strong>Descripci\u00f3n:<\/strong><\/p>\n<p>La <strong>Parrilla de Gas 60 cm Inox Mabe PMI6044PA0<\/strong> es una opci\u00f3n pr\u00e1ctica y eficiente para la cocina. Esta parrilla de Mabe es adecuada para quienes buscan un electrodom\u00e9stico de calidad, con dise\u00f1o moderno y facilidad de uso\u200b\u200b\u200b\u200b\u200b\u200b\u200b\u200b.<\/p>\n","protected":false},"excerpt":{"rendered":"<p>Descripci\u00f3n: La Parrilla de Gas 60 cm Inox Mabe PMI6044PA0 es una opci\u00f3n pr\u00e1ctica y eficiente para la cocina. Esta parrilla de Mabe es adecuada para quienes buscan un electrodom\u00e9stico de calidad, con dise\u00f1o moderno y facilidad de uso\u200b\u200b\u200b\u200b\u200b\u200b\u200b\u200b.<\/p>\n","protected":false},"featured_media":6807,"template":"","meta":{"_joinchat":[]},"product_brand":[],"product_cat":[29,46],"product_tag":[21],"class_list":{"0":"post-6806","1":"product","2":"type-product","3":"status-publish","4":"has-post-thumbnail","6":"product_cat-coccion","7":"product_cat-parrilla","8":"product_tag-mabe","10":"first","11":"instock","12":"shipping-taxable","13":"product-type-simple"},"_links":{"self":[{"href":"https:\/\/eltiosam.com.mx\/index.php\/wp-json\/wp\/v2\/product\/6806","targetHints":{"allow":["GET"]}}],"collection":[{"href":"https:\/\/eltiosam.com.mx\/index.php\/wp-json\/wp\/v2\/product"}],"about":[{"href":"https:\/\/eltiosam.com.mx\/index.php\/wp-json\/wp\/v2\/types\/product"}],"wp:featuredmedia":[{"embeddable":true,"href":"https:\/\/eltiosam.com.mx\/index.php\/wp-json\/wp\/v2\/media\/6807"}],"wp:attachment":[{"href":"https:\/\/eltiosam.com.mx\/index.php\/wp-json\/wp\/v2\/media?parent=6806"}],"wp:term":[{"taxonomy":"product_brand","embeddable":true,"href":"https:\/\/eltiosam.com.mx\/index.php\/wp-json\/wp\/v2\/product_brand?post=6806"},{"taxonomy":"product_cat","embeddable":true,"href":"https:\/\/eltiosam.com.mx\/index.php\/wp-json\/wp\/v2\/product_cat?post=6806"},{"taxonomy":"product_tag","embeddable":true,"href":"https:\/\/eltiosam.com.mx\/index.php\/wp-json\/wp\/v2\/product_tag?post=6806"}],"curies":[{"name":"wp","href":"https:\/\/api.w.org\/{rel}","templated":true}]}}