{"id":6719,"date":"2023-12-06T16:51:48","date_gmt":"2023-12-06T16:51:48","guid":{"rendered":"https:\/\/eltiosam.com.mx\/?post_type=product&#038;p=6719"},"modified":"2024-01-19T18:34:04","modified_gmt":"2024-01-19T18:34:04","slug":"kele-kgo3-khd-paquete","status":"publish","type":"product","link":"https:\/\/eltiosam.com.mx\/index.php\/product\/kele-kgo3-khd-paquete\/","title":{"rendered":"Kele KGO3-KHD Paquete"},"content":{"rendered":"<p>Este paquete Kele KGO3-KHD ofrece un conjunto completo para tu cocina con elementos de dise\u00f1o minimalista y moderno. Aqu\u00ed tienes los detalles de cada componente:<\/p>\n<p><strong>Tarja (Modelo KELE GO 3):<\/strong><\/p>\n<ul>\n<li>Instalaci\u00f3n: Submontar<\/li>\n<li>Profundidad: 254 mm<\/li>\n<li>Contorno: 838 x 483 mm<\/li>\n<li>Medidas de las Cubetas: 433 mm x 381 mm<\/li>\n<li>Calibre: 18<\/li>\n<li>Acabado: Cepillado<\/li>\n<li>Material: Acero inoxidable con recubrimiento posterior de poliuretano<\/li>\n<li>L\u00ednea: Cuadra<\/li>\n<li>Hecho en China<\/li>\n<\/ul>\n<p><strong>Monomando:<\/strong><\/p>\n<ul>\n<li>Cabezal de doble funci\u00f3n con im\u00e1n en soporte<\/li>\n<li>Construido en Acero Inoxidable 304<\/li>\n<li>Dise\u00f1o elegante y sofisticado<\/li>\n<\/ul>\n<p><strong>Escurridor CUADRA:<\/strong><\/p>\n<ul>\n<li>Dise\u00f1ado exclusivamente para el modelo de tarja<\/li>\n<li>Empotrado en la tarja para un aspecto integrado y limpio<\/li>\n<\/ul>\n<p><strong>Tabla para Picar:<\/strong><\/p>\n<ul>\n<li>Ideal para picar alimentos y escurrir platos<\/li>\n<li>Funcionalidad pr\u00e1ctica para diversas tareas en la cocina<\/li>\n<\/ul>\n<p><strong>Glass Rinser:<\/strong><\/p>\n<ul>\n<li>Limpia y enjuaga r\u00e1pidamente a presi\u00f3n vasos, botellas, copas de vino y tazas<\/li>\n<li>Construido en acero inoxidable para durabilidad y facilidad de limpieza<\/li>\n<\/ul>\n<p><strong>Informaci\u00f3n de Empaque:<\/strong><\/p>\n<ul>\n<li>Dimensi\u00f3n de Empaque: 55 x 100 x 31 cm<\/li>\n<li>Peso de Empaque: 23 Kg<\/li>\n<\/ul>\n<p><strong>Observaciones:<\/strong><\/p>\n<ul>\n<li>El monomando con su doble funci\u00f3n y el cabezal magn\u00e9tico proporcionan un toque moderno y funcional al conjunto.<\/li>\n<li>El escurridor CUADRA ofrece una soluci\u00f3n integrada para el drenaje de agua, manteniendo la est\u00e9tica de la tarja.<\/li>\n<li>La tabla para picar y el Glass Rinser a\u00f1aden versatilidad y conveniencia a la cocina, permiti\u00e9ndote realizar m\u00faltiples tareas con facilidad.<\/li>\n<\/ul>\n<p>Este paquete Kele KGO3-KHD est\u00e1 dise\u00f1ado para combinar estilo y funcionalidad en tu espacio de cocina.<\/p>\n","protected":false},"excerpt":{"rendered":"<p>Este paquete Kele KGO3-KHD ofrece un conjunto completo para tu cocina con elementos de dise\u00f1o minimalista y moderno. Aqu\u00ed tienes los detalles de cada componente: Tarja (Modelo KELE GO 3): Instalaci\u00f3n: Submontar Profundidad: 254 mm Contorno: 838 x 483 mm Medidas de las Cubetas: 433 mm x 381 mm Calibre: 18 Acabado: Cepillado Material: Acero [&hellip;]<\/p>\n","protected":false},"featured_media":6724,"template":"","meta":{"_joinchat":[]},"product_brand":[],"product_cat":[219],"product_tag":[70],"class_list":{"0":"post-6719","1":"product","2":"type-product","3":"status-publish","4":"has-post-thumbnail","6":"product_cat-paquetes","7":"product_tag-kele","9":"first","10":"instock","11":"shipping-taxable","12":"product-type-simple"},"_links":{"self":[{"href":"https:\/\/eltiosam.com.mx\/index.php\/wp-json\/wp\/v2\/product\/6719","targetHints":{"allow":["GET"]}}],"collection":[{"href":"https:\/\/eltiosam.com.mx\/index.php\/wp-json\/wp\/v2\/product"}],"about":[{"href":"https:\/\/eltiosam.com.mx\/index.php\/wp-json\/wp\/v2\/types\/product"}],"wp:featuredmedia":[{"embeddable":true,"href":"https:\/\/eltiosam.com.mx\/index.php\/wp-json\/wp\/v2\/media\/6724"}],"wp:attachment":[{"href":"https:\/\/eltiosam.com.mx\/index.php\/wp-json\/wp\/v2\/media?parent=6719"}],"wp:term":[{"taxonomy":"product_brand","embeddable":true,"href":"https:\/\/eltiosam.com.mx\/index.php\/wp-json\/wp\/v2\/product_brand?post=6719"},{"taxonomy":"product_cat","embeddable":true,"href":"https:\/\/eltiosam.com.mx\/index.php\/wp-json\/wp\/v2\/product_cat?post=6719"},{"taxonomy":"product_tag","embeddable":true,"href":"https:\/\/eltiosam.com.mx\/index.php\/wp-json\/wp\/v2\/product_tag?post=6719"}],"curies":[{"name":"wp","href":"https:\/\/api.w.org\/{rel}","templated":true}]}}