{"id":6712,"date":"2023-12-06T16:48:07","date_gmt":"2023-12-06T16:48:07","guid":{"rendered":"https:\/\/eltiosam.com.mx\/?post_type=product&#038;p=6712"},"modified":"2024-02-13T21:29:14","modified_gmt":"2024-02-13T21:29:14","slug":"kit-kele-go-2","status":"publish","type":"product","link":"https:\/\/eltiosam.com.mx\/index.php\/product\/kit-kele-go-2\/","title":{"rendered":"Kit Kele Go 2"},"content":{"rendered":"<p><strong>Descripci\u00f3n:<\/strong><\/p>\n<p>El <strong>Kit Kele Go 2<\/strong> es un paquete completo para equipar tu \u00e1rea de lavado con productos de alta calidad. Este kit es ideal para quienes buscan una soluci\u00f3n completa y de alta calidad para el \u00e1rea de lavado, proporcionando funcionalidad excepcional y un estilo sofisticado a la cocina\u200b\u200b\u200b\u200b\u200b\u200b\u200b\u200b.<\/p>\n","protected":false},"excerpt":{"rendered":"<p>Descripci\u00f3n: El Kit Kele Go 2 es un paquete completo para equipar tu \u00e1rea de lavado con productos de alta calidad. Este kit es ideal para quienes buscan una soluci\u00f3n completa y de alta calidad para el \u00e1rea de lavado, proporcionando funcionalidad excepcional y un estilo sofisticado a la cocina\u200b\u200b\u200b\u200b\u200b\u200b\u200b\u200b.<\/p>\n","protected":false},"featured_media":6716,"template":"","meta":{"_joinchat":[]},"product_brand":[],"product_cat":[219],"product_tag":[70],"class_list":{"0":"post-6712","1":"product","2":"type-product","3":"status-publish","4":"has-post-thumbnail","6":"product_cat-paquetes","7":"product_tag-kele","9":"first","10":"instock","11":"shipping-taxable","12":"product-type-simple"},"_links":{"self":[{"href":"https:\/\/eltiosam.com.mx\/index.php\/wp-json\/wp\/v2\/product\/6712","targetHints":{"allow":["GET"]}}],"collection":[{"href":"https:\/\/eltiosam.com.mx\/index.php\/wp-json\/wp\/v2\/product"}],"about":[{"href":"https:\/\/eltiosam.com.mx\/index.php\/wp-json\/wp\/v2\/types\/product"}],"wp:featuredmedia":[{"embeddable":true,"href":"https:\/\/eltiosam.com.mx\/index.php\/wp-json\/wp\/v2\/media\/6716"}],"wp:attachment":[{"href":"https:\/\/eltiosam.com.mx\/index.php\/wp-json\/wp\/v2\/media?parent=6712"}],"wp:term":[{"taxonomy":"product_brand","embeddable":true,"href":"https:\/\/eltiosam.com.mx\/index.php\/wp-json\/wp\/v2\/product_brand?post=6712"},{"taxonomy":"product_cat","embeddable":true,"href":"https:\/\/eltiosam.com.mx\/index.php\/wp-json\/wp\/v2\/product_cat?post=6712"},{"taxonomy":"product_tag","embeddable":true,"href":"https:\/\/eltiosam.com.mx\/index.php\/wp-json\/wp\/v2\/product_tag?post=6712"}],"curies":[{"name":"wp","href":"https:\/\/api.w.org\/{rel}","templated":true}]}}