{"id":6690,"date":"2023-12-05T23:56:31","date_gmt":"2023-12-05T23:56:31","guid":{"rendered":"https:\/\/eltiosam.com.mx\/?post_type=product&#038;p=6690"},"modified":"2025-08-18T19:43:19","modified_gmt":"2025-08-18T19:43:19","slug":"tarja-schock-mansion-m-100l","status":"publish","type":"product","link":"https:\/\/eltiosam.com.mx\/index.php\/product\/tarja-schock-mansion-m-100l\/","title":{"rendered":"TARJA DE 1 TINA\tSCHOCK ALPINA MANSION M100L"},"content":{"rendered":"<div class=\"flex-1 overflow-hidden\">\n<div class=\"react-scroll-to-bottom--css-mmzjn-79elbk h-full\">\n<div class=\"react-scroll-to-bottom--css-mmzjn-1n7m0yu\">\n<div class=\"flex flex-col pb-9 text-sm\">\n<div class=\"w-full text-token-text-primary\" data-testid=\"conversation-turn-99\">\n<div class=\"px-4 py-2 justify-center text-base md:gap-6 m-auto\">\n<div class=\"flex flex-1 text-base mx-auto gap-3 md:px-5 lg:px-1 xl:px-5 md:max-w-3xl lg:max-w-[40rem] xl:max-w-[48rem] group final-completion\">\n<div class=\"relative flex w-full flex-col lg:w-[calc(100%-115px)] agent-turn\">\n<div class=\"flex-col gap-1 md:gap-3\">\n<div class=\"flex flex-grow flex-col max-w-full\">\n<div class=\"min-h-[20px] text-message flex flex-col items-start gap-3 whitespace-pre-wrap break-words [.text-message+&amp;]:mt-5 overflow-x-auto\" data-message-author-role=\"assistant\" data-message-id=\"4b7cc582-10d3-4bfe-8a7b-6e4815cb1cf2\">\n<div class=\"markdown prose w-full break-words dark:prose-invert light\">\n<p>La Tarja SCHOCK Mansion M-100L es una tarja de cuarzo dise\u00f1ada para ofrecer una experiencia premium en la cocina. A continuaci\u00f3n, se presentan sus principales caracter\u00edsticas:<\/p>\n<p><strong>Caracter\u00edsticas Principales:<\/strong><\/p>\n<ul>\n<li><strong>Material:<\/strong> Cuarzo<\/li>\n<li><strong>Huecos Personalizados:<\/strong> Permite adaptar la tarja seg\u00fan las necesidades.<\/li>\n<li><strong>Profundidad Premium:<\/strong> Ofrece una profundidad adicional para mayor versatilidad.<\/li>\n<li><strong>Plantilla para Corte Empotrar:<\/strong> Facilita la instalaci\u00f3n empotrada en la encimera.<\/li>\n<li><strong>Fald\u00f3n Perimetral:<\/strong> Incluye un fald\u00f3n de 209 mm para un acabado est\u00e9tico.<\/li>\n<li><strong>Desag\u00fce Autom\u00e1tico:<\/strong> Facilita la evacuaci\u00f3n del agua de forma autom\u00e1tica.<\/li>\n<li><strong>Contracanasta y Cespol:<\/strong> Componentes incluidos para el sistema de desag\u00fce.<\/li>\n<li><strong>Dimensiones:<\/strong> 90 cm x 40 cm x 22 cm<\/li>\n<\/ul>\n<p>&nbsp;<\/p>\n<\/div>\n<\/div>\n<\/div>\n<\/div>\n<\/div>\n<\/div>\n<\/div>\n<\/div>\n<\/div>\n<\/div>\n<\/div>\n<\/div>\n","protected":false},"excerpt":{"rendered":"<p>La Tarja SCHOCK Mansion M-100L es una tarja de cuarzo dise\u00f1ada para ofrecer una experiencia premium en la cocina. A continuaci\u00f3n, se presentan sus principales caracter\u00edsticas: Caracter\u00edsticas Principales: Material: Cuarzo Huecos Personalizados: Permite adaptar la tarja seg\u00fan las necesidades. Profundidad Premium: Ofrece una profundidad adicional para mayor versatilidad. Plantilla para Corte Empotrar: Facilita la instalaci\u00f3n [&hellip;]<\/p>\n","protected":false},"featured_media":9904,"template":"","meta":{"_joinchat":[]},"product_brand":[],"product_cat":[47,42],"product_tag":[128],"class_list":{"0":"post-6690","1":"product","2":"type-product","3":"status-publish","4":"has-post-thumbnail","6":"product_cat-tarjas","7":"product_cat-varios","8":"product_tag-schock","10":"first","11":"instock","12":"shipping-taxable","13":"product-type-simple"},"_links":{"self":[{"href":"https:\/\/eltiosam.com.mx\/index.php\/wp-json\/wp\/v2\/product\/6690","targetHints":{"allow":["GET"]}}],"collection":[{"href":"https:\/\/eltiosam.com.mx\/index.php\/wp-json\/wp\/v2\/product"}],"about":[{"href":"https:\/\/eltiosam.com.mx\/index.php\/wp-json\/wp\/v2\/types\/product"}],"wp:featuredmedia":[{"embeddable":true,"href":"https:\/\/eltiosam.com.mx\/index.php\/wp-json\/wp\/v2\/media\/9904"}],"wp:attachment":[{"href":"https:\/\/eltiosam.com.mx\/index.php\/wp-json\/wp\/v2\/media?parent=6690"}],"wp:term":[{"taxonomy":"product_brand","embeddable":true,"href":"https:\/\/eltiosam.com.mx\/index.php\/wp-json\/wp\/v2\/product_brand?post=6690"},{"taxonomy":"product_cat","embeddable":true,"href":"https:\/\/eltiosam.com.mx\/index.php\/wp-json\/wp\/v2\/product_cat?post=6690"},{"taxonomy":"product_tag","embeddable":true,"href":"https:\/\/eltiosam.com.mx\/index.php\/wp-json\/wp\/v2\/product_tag?post=6690"}],"curies":[{"name":"wp","href":"https:\/\/api.w.org\/{rel}","templated":true}]}}