{"id":6686,"date":"2023-12-05T23:39:34","date_gmt":"2023-12-05T23:39:34","guid":{"rendered":"https:\/\/eltiosam.com.mx\/?post_type=product&#038;p=6686"},"modified":"2025-07-15T19:49:52","modified_gmt":"2025-07-15T19:49:52","slug":"mezcladora-eclipse-ks3032-ng-pvd","status":"publish","type":"product","link":"https:\/\/eltiosam.com.mx\/index.php\/product\/mezcladora-eclipse-ks3032-ng-pvd\/","title":{"rendered":"Mezcladora Eclipse KS3032 NG PVD"},"content":{"rendered":"<div class=\"flex-1 overflow-hidden\">\n<div class=\"react-scroll-to-bottom--css-mmzjn-79elbk h-full\">\n<div class=\"react-scroll-to-bottom--css-mmzjn-1n7m0yu\">\n<div class=\"flex flex-col pb-9 text-sm\">\n<div class=\"w-full text-token-text-primary\" data-testid=\"conversation-turn-103\">\n<div class=\"px-4 py-2 justify-center text-base md:gap-6 m-auto\">\n<div class=\"flex flex-1 text-base mx-auto gap-3 md:px-5 lg:px-1 xl:px-5 md:max-w-3xl lg:max-w-[40rem] xl:max-w-[48rem] group final-completion\">\n<div class=\"relative flex w-full flex-col lg:w-[calc(100%-115px)] agent-turn\">\n<div class=\"flex-col gap-1 md:gap-3\">\n<div class=\"flex flex-grow flex-col max-w-full\">\n<div class=\"min-h-[20px] text-message flex flex-col items-start gap-3 whitespace-pre-wrap break-words [.text-message+&amp;]:mt-5 overflow-x-auto\" data-message-author-role=\"assistant\" data-message-id=\"0dfc7425-f408-45eb-976e-d070b2530411\">\n<div class=\"markdown prose w-full break-words dark:prose-invert light\">\n<p><strong>Descripci\u00f3n:<\/strong><\/p>\n<ul>\n<li><strong>Funcionamiento:<\/strong> Esta mezcladora est\u00e1 dise\u00f1ada para trabajar en condiciones de alta y baja presi\u00f3n, con un requisito m\u00ednimo de 700 gramos por cent\u00edmetro cuadrado (700 grs\/cm\u00b2).<\/li>\n<li><strong>Cartucho:<\/strong> Equipada con un cartucho cer\u00e1mico que proporciona un manejo suave y controlado del flujo de agua. La cer\u00e1mica tambi\u00e9n asegura una mayor durabilidad del mecanismo interno.<\/li>\n<\/ul>\n<p>Esta mezcladora Eclipse KS3032 NG PVD es una excelente elecci\u00f3n para quienes desean un grifo que no solo cumpla con sus funciones pr\u00e1cticas, sino que tambi\u00e9n aporte un toque de elegancia y modernidad a su cocina.<\/p>\n<\/div>\n<\/div>\n<\/div>\n<\/div>\n<\/div>\n<\/div>\n<\/div>\n<\/div>\n<\/div>\n<\/div>\n<\/div>\n<\/div>\n","protected":false},"excerpt":{"rendered":"<p>Descripci\u00f3n: Funcionamiento: Esta mezcladora est\u00e1 dise\u00f1ada para trabajar en condiciones de alta y baja presi\u00f3n, con un requisito m\u00ednimo de 700 gramos por cent\u00edmetro cuadrado (700 grs\/cm\u00b2). Cartucho: Equipada con un cartucho cer\u00e1mico que proporciona un manejo suave y controlado del flujo de agua. La cer\u00e1mica tambi\u00e9n asegura una mayor durabilidad del mecanismo interno. Esta [&hellip;]<\/p>\n","protected":false},"featured_media":6688,"template":"","meta":{"_joinchat":[]},"product_brand":[],"product_cat":[15],"product_tag":[48],"class_list":{"0":"post-6686","1":"product","2":"type-product","3":"status-publish","4":"has-post-thumbnail","6":"product_cat-uncategorized","7":"product_tag-eclipse","9":"first","10":"instock","11":"shipping-taxable","12":"product-type-simple"},"_links":{"self":[{"href":"https:\/\/eltiosam.com.mx\/index.php\/wp-json\/wp\/v2\/product\/6686","targetHints":{"allow":["GET"]}}],"collection":[{"href":"https:\/\/eltiosam.com.mx\/index.php\/wp-json\/wp\/v2\/product"}],"about":[{"href":"https:\/\/eltiosam.com.mx\/index.php\/wp-json\/wp\/v2\/types\/product"}],"wp:featuredmedia":[{"embeddable":true,"href":"https:\/\/eltiosam.com.mx\/index.php\/wp-json\/wp\/v2\/media\/6688"}],"wp:attachment":[{"href":"https:\/\/eltiosam.com.mx\/index.php\/wp-json\/wp\/v2\/media?parent=6686"}],"wp:term":[{"taxonomy":"product_brand","embeddable":true,"href":"https:\/\/eltiosam.com.mx\/index.php\/wp-json\/wp\/v2\/product_brand?post=6686"},{"taxonomy":"product_cat","embeddable":true,"href":"https:\/\/eltiosam.com.mx\/index.php\/wp-json\/wp\/v2\/product_cat?post=6686"},{"taxonomy":"product_tag","embeddable":true,"href":"https:\/\/eltiosam.com.mx\/index.php\/wp-json\/wp\/v2\/product_tag?post=6686"}],"curies":[{"name":"wp","href":"https:\/\/api.w.org\/{rel}","templated":true}]}}