{"id":6627,"date":"2023-12-03T17:06:10","date_gmt":"2023-12-03T17:06:10","guid":{"rendered":"https:\/\/eltiosam.com.mx\/?post_type=product&#038;p=6627"},"modified":"2024-02-27T20:30:26","modified_gmt":"2024-02-27T20:30:26","slug":"teka-square-50-40-tg-sg-fregadero-submontar-tegranite","status":"publish","type":"product","link":"https:\/\/eltiosam.com.mx\/index.php\/product\/teka-square-50-40-tg-sg-fregadero-submontar-tegranite\/","title":{"rendered":"Teka &#8211; Square 50.40 TG SG Fregadero Submontar Tegranite+"},"content":{"rendered":"<h3 id=\"product-technical-details-title\" class=\"et_pb_row product-title-section\">Descripci\u00f3n:<\/h3>\n<div id=\"product-features\" class=\"et_pb_section_2\">\n<div class=\"et_pb_row\">\n<div class=\"et_pb_column et_pb_column_4_4\">\n<div id=\"product-features-list\" class=\"list-gray et_pb_module et_pb_text et_pb_text_5 et_pb_bg_layout_light et_pb_text_align_left\">\n<div class=\"et_pb_text_inner\">\n<ul>\n<li>Tegranite+ (80% cuarzo)<\/li>\n<li>Color: Stone Grey<\/li>\n<li>Acabado no poroso muy f\u00e1cil de limpiar que impide la proliferaci\u00f3n de bacterias<\/li>\n<li>Superficie de alta resistencia a impactos, choques t\u00e9rmicos y altas temperaturas<\/li>\n<li>Instalaci\u00f3n: Submontar<\/li>\n<li>Ancho de la base: &gt; 60 cm<\/li>\n<li>Desag\u00fce: 3 \u00bd\u2019\u2019<\/li>\n<li>Incluye:<\/li>\n<li>-Contracanasta con rebosadero decorativo<\/li>\n<li>-Sif\u00f3n \/ Cespol<\/li>\n<li>-Grapas para instalaci\u00f3n<\/li>\n<\/ul>\n<\/div>\n<\/div>\n<\/div>\n<\/div>\n<\/div>\n<div id=\"product-technical-details\" class=\"et_pb_section_2\">\n<div class=\"et_pb_row\">\n<div class=\"et_pb_column et_pb_column_4_4\">\n<div class=\"technical-detail-accordion et_pb_toggle et_pb_module et_pb_accordion_item et_pb_accordion_item_0 et_pb_toggle_open\">\n<div class=\"et_pb_toggle_content clearfix\"><\/div>\n<\/div>\n<\/div>\n<\/div>\n<\/div>\n","protected":false},"excerpt":{"rendered":"<p>Descripci\u00f3n: Tegranite+ (80% cuarzo) Color: Stone Grey Acabado no poroso muy f\u00e1cil de limpiar que impide la proliferaci\u00f3n de bacterias Superficie de alta resistencia a impactos, choques t\u00e9rmicos y altas temperaturas Instalaci\u00f3n: Submontar Ancho de la base: &gt; 60 cm Desag\u00fce: 3 \u00bd\u2019\u2019 Incluye: -Contracanasta con rebosadero decorativo -Sif\u00f3n \/ Cespol -Grapas para instalaci\u00f3n<\/p>\n","protected":false},"featured_media":6628,"template":"","meta":{"_joinchat":[]},"product_brand":[],"product_cat":[47],"product_tag":[106],"class_list":{"0":"post-6627","1":"product","2":"type-product","3":"status-publish","4":"has-post-thumbnail","6":"product_cat-tarjas","7":"product_tag-teka","9":"first","10":"instock","11":"shipping-taxable","12":"product-type-simple"},"_links":{"self":[{"href":"https:\/\/eltiosam.com.mx\/index.php\/wp-json\/wp\/v2\/product\/6627","targetHints":{"allow":["GET"]}}],"collection":[{"href":"https:\/\/eltiosam.com.mx\/index.php\/wp-json\/wp\/v2\/product"}],"about":[{"href":"https:\/\/eltiosam.com.mx\/index.php\/wp-json\/wp\/v2\/types\/product"}],"wp:featuredmedia":[{"embeddable":true,"href":"https:\/\/eltiosam.com.mx\/index.php\/wp-json\/wp\/v2\/media\/6628"}],"wp:attachment":[{"href":"https:\/\/eltiosam.com.mx\/index.php\/wp-json\/wp\/v2\/media?parent=6627"}],"wp:term":[{"taxonomy":"product_brand","embeddable":true,"href":"https:\/\/eltiosam.com.mx\/index.php\/wp-json\/wp\/v2\/product_brand?post=6627"},{"taxonomy":"product_cat","embeddable":true,"href":"https:\/\/eltiosam.com.mx\/index.php\/wp-json\/wp\/v2\/product_cat?post=6627"},{"taxonomy":"product_tag","embeddable":true,"href":"https:\/\/eltiosam.com.mx\/index.php\/wp-json\/wp\/v2\/product_tag?post=6627"}],"curies":[{"name":"wp","href":"https:\/\/api.w.org\/{rel}","templated":true}]}}