{"id":6621,"date":"2023-12-03T17:00:32","date_gmt":"2023-12-03T17:00:32","guid":{"rendered":"https:\/\/eltiosam.com.mx\/?post_type=product&#038;p=6621"},"modified":"2025-08-18T19:40:38","modified_gmt":"2025-08-18T19:40:38","slug":"monomando-para-fregadero-teka-mf2-projet-cuello-alto-cromo","status":"publish","type":"product","link":"https:\/\/eltiosam.com.mx\/index.php\/product\/monomando-para-fregadero-teka-mf2-projet-cuello-alto-cromo\/","title":{"rendered":"Monomando Para Fregadero Teka Modelo MF2 PROJECT (ML)"},"content":{"rendered":"<p><strong>Descripci\u00f3n:<\/strong><\/p>\n<ul>\n<li>Aireador: Anticalc\u00e1reo.<\/li>\n<li>Ca\u00f1o giratorio.<\/li>\n<li>Grifer\u00eda de cocina para fregadero con cuello alto.<\/li>\n<li>Cartucho cer\u00e1mico de gran duraci\u00f3n con regulador de caudal y temperatura.<\/li>\n<li>Para limpiar, utilice \u00fanicamente agua y un pa\u00f1o limpio.<\/li>\n<li>No utilice fibras, polvos, abrasivos, ni productos qu\u00edmicos.<\/li>\n<li>No utilice objetos punzo-cortantes para limpiar los acabados.<\/li>\n<\/ul>\n","protected":false},"excerpt":{"rendered":"<p>Descripci\u00f3n: Aireador: Anticalc\u00e1reo. Ca\u00f1o giratorio. Grifer\u00eda de cocina para fregadero con cuello alto. Cartucho cer\u00e1mico de gran duraci\u00f3n con regulador de caudal y temperatura. Para limpiar, utilice \u00fanicamente agua y un pa\u00f1o limpio. No utilice fibras, polvos, abrasivos, ni productos qu\u00edmicos. No utilice objetos punzo-cortantes para limpiar los acabados.<\/p>\n","protected":false},"featured_media":6622,"template":"","meta":{"_joinchat":[]},"product_brand":[],"product_cat":[183,42],"product_tag":[106],"class_list":{"0":"post-6621","1":"product","2":"type-product","3":"status-publish","4":"has-post-thumbnail","6":"product_cat-mezcladoras","7":"product_cat-varios","8":"product_tag-teka","10":"first","11":"instock","12":"shipping-taxable","13":"product-type-simple"},"_links":{"self":[{"href":"https:\/\/eltiosam.com.mx\/index.php\/wp-json\/wp\/v2\/product\/6621","targetHints":{"allow":["GET"]}}],"collection":[{"href":"https:\/\/eltiosam.com.mx\/index.php\/wp-json\/wp\/v2\/product"}],"about":[{"href":"https:\/\/eltiosam.com.mx\/index.php\/wp-json\/wp\/v2\/types\/product"}],"wp:featuredmedia":[{"embeddable":true,"href":"https:\/\/eltiosam.com.mx\/index.php\/wp-json\/wp\/v2\/media\/6622"}],"wp:attachment":[{"href":"https:\/\/eltiosam.com.mx\/index.php\/wp-json\/wp\/v2\/media?parent=6621"}],"wp:term":[{"taxonomy":"product_brand","embeddable":true,"href":"https:\/\/eltiosam.com.mx\/index.php\/wp-json\/wp\/v2\/product_brand?post=6621"},{"taxonomy":"product_cat","embeddable":true,"href":"https:\/\/eltiosam.com.mx\/index.php\/wp-json\/wp\/v2\/product_cat?post=6621"},{"taxonomy":"product_tag","embeddable":true,"href":"https:\/\/eltiosam.com.mx\/index.php\/wp-json\/wp\/v2\/product_tag?post=6621"}],"curies":[{"name":"wp","href":"https:\/\/api.w.org\/{rel}","templated":true}]}}