{"id":6616,"date":"2023-12-03T16:56:59","date_gmt":"2023-12-03T16:56:59","guid":{"rendered":"https:\/\/eltiosam.com.mx\/?post_type=product&#038;p=6616"},"modified":"2024-02-21T05:42:24","modified_gmt":"2024-02-21T05:42:24","slug":"monomando-acero-inoxidable-teka-mc-10-plus-c-l-cromo","status":"publish","type":"product","link":"https:\/\/eltiosam.com.mx\/index.php\/product\/monomando-acero-inoxidable-teka-mc-10-plus-c-l-cromo\/","title":{"rendered":"Monomando acero inoxidable Teka \u2013 MC 10 PLUS C.L. CROMO"},"content":{"rendered":"<p><strong>Descripci\u00f3n:<\/strong><\/p>\n<p>Este frigobar de Teka es una excelente opci\u00f3n para aquellos que necesitan una soluci\u00f3n de refrigeraci\u00f3n compacta y elegante, ofreciendo funcionalidad y estilo en un solo producto\u200b\u200b.<\/p>\n","protected":false},"excerpt":{"rendered":"<p>Descripci\u00f3n: Este frigobar de Teka es una excelente opci\u00f3n para aquellos que necesitan una soluci\u00f3n de refrigeraci\u00f3n compacta y elegante, ofreciendo funcionalidad y estilo en un solo producto\u200b\u200b.<\/p>\n","protected":false},"featured_media":6617,"template":"","meta":{"_joinchat":[]},"product_brand":[],"product_cat":[183,42],"product_tag":[106],"class_list":{"0":"post-6616","1":"product","2":"type-product","3":"status-publish","4":"has-post-thumbnail","6":"product_cat-mezcladoras","7":"product_cat-varios","8":"product_tag-teka","10":"first","11":"instock","12":"shipping-taxable","13":"product-type-simple"},"_links":{"self":[{"href":"https:\/\/eltiosam.com.mx\/index.php\/wp-json\/wp\/v2\/product\/6616","targetHints":{"allow":["GET"]}}],"collection":[{"href":"https:\/\/eltiosam.com.mx\/index.php\/wp-json\/wp\/v2\/product"}],"about":[{"href":"https:\/\/eltiosam.com.mx\/index.php\/wp-json\/wp\/v2\/types\/product"}],"wp:featuredmedia":[{"embeddable":true,"href":"https:\/\/eltiosam.com.mx\/index.php\/wp-json\/wp\/v2\/media\/6617"}],"wp:attachment":[{"href":"https:\/\/eltiosam.com.mx\/index.php\/wp-json\/wp\/v2\/media?parent=6616"}],"wp:term":[{"taxonomy":"product_brand","embeddable":true,"href":"https:\/\/eltiosam.com.mx\/index.php\/wp-json\/wp\/v2\/product_brand?post=6616"},{"taxonomy":"product_cat","embeddable":true,"href":"https:\/\/eltiosam.com.mx\/index.php\/wp-json\/wp\/v2\/product_cat?post=6616"},{"taxonomy":"product_tag","embeddable":true,"href":"https:\/\/eltiosam.com.mx\/index.php\/wp-json\/wp\/v2\/product_tag?post=6616"}],"curies":[{"name":"wp","href":"https:\/\/api.w.org\/{rel}","templated":true}]}}