{"id":6610,"date":"2023-12-02T16:05:07","date_gmt":"2023-12-02T16:05:07","guid":{"rendered":"https:\/\/eltiosam.com.mx\/?post_type=product&#038;p=6610"},"modified":"2024-02-20T18:47:34","modified_gmt":"2024-02-20T18:47:34","slug":"mezcladora-teka-ark-938","status":"publish","type":"product","link":"https:\/\/eltiosam.com.mx\/index.php\/product\/mezcladora-teka-ark-938\/","title":{"rendered":"Mezcladora Teka ARK 938"},"content":{"rendered":"<p><strong>Descripci\u00f3n:<\/strong><\/p>\n<p>La Mezcladora Teka ARK 938 presenta un dise\u00f1o funcional y vers\u00e1til que se adapta a las necesidades de tu cocina. Su ca\u00f1o es giratorio, y el maneral met\u00e1lico es extra\u00edble con una funci\u00f3n de chorro aireado, proporcionando mayor flexibilidad y comodidad. El flexible es s\u00faper resistente, y el cartucho de discos cer\u00e1micos asegura alta resistencia y un preciso control de la temperatura.<\/p>\n<p>Con medidas interiores que permiten un uso c\u00f3modo, la altura interior es de 262 mm, y la profundidad del interior es de 222 mm. En cuanto a las medidas generales, la altura del producto es de 289 mm, con un peso de 2,7 kg.<\/p>\n","protected":false},"excerpt":{"rendered":"<p>Descripci\u00f3n: La Mezcladora Teka ARK 938 presenta un dise\u00f1o funcional y vers\u00e1til que se adapta a las necesidades de tu cocina. Su ca\u00f1o es giratorio, y el maneral met\u00e1lico es extra\u00edble con una funci\u00f3n de chorro aireado, proporcionando mayor flexibilidad y comodidad. El flexible es s\u00faper resistente, y el cartucho de discos cer\u00e1micos asegura alta [&hellip;]<\/p>\n","protected":false},"featured_media":6615,"template":"","meta":{"_joinchat":[]},"product_brand":[],"product_cat":[183],"product_tag":[106],"class_list":{"0":"post-6610","1":"product","2":"type-product","3":"status-publish","4":"has-post-thumbnail","6":"product_cat-mezcladoras","7":"product_tag-teka","9":"first","10":"instock","11":"shipping-taxable","12":"product-type-simple"},"_links":{"self":[{"href":"https:\/\/eltiosam.com.mx\/index.php\/wp-json\/wp\/v2\/product\/6610","targetHints":{"allow":["GET"]}}],"collection":[{"href":"https:\/\/eltiosam.com.mx\/index.php\/wp-json\/wp\/v2\/product"}],"about":[{"href":"https:\/\/eltiosam.com.mx\/index.php\/wp-json\/wp\/v2\/types\/product"}],"wp:featuredmedia":[{"embeddable":true,"href":"https:\/\/eltiosam.com.mx\/index.php\/wp-json\/wp\/v2\/media\/6615"}],"wp:attachment":[{"href":"https:\/\/eltiosam.com.mx\/index.php\/wp-json\/wp\/v2\/media?parent=6610"}],"wp:term":[{"taxonomy":"product_brand","embeddable":true,"href":"https:\/\/eltiosam.com.mx\/index.php\/wp-json\/wp\/v2\/product_brand?post=6610"},{"taxonomy":"product_cat","embeddable":true,"href":"https:\/\/eltiosam.com.mx\/index.php\/wp-json\/wp\/v2\/product_cat?post=6610"},{"taxonomy":"product_tag","embeddable":true,"href":"https:\/\/eltiosam.com.mx\/index.php\/wp-json\/wp\/v2\/product_tag?post=6610"}],"curies":[{"name":"wp","href":"https:\/\/api.w.org\/{rel}","templated":true}]}}