{"id":6586,"date":"2023-12-02T15:49:33","date_gmt":"2023-12-02T15:49:33","guid":{"rendered":"https:\/\/eltiosam.com.mx\/?post_type=product&#038;p=6586"},"modified":"2025-08-28T17:29:12","modified_gmt":"2025-08-28T17:29:12","slug":"refrigerador-teka-rmf-m77960-gbk-mx","status":"publish","type":"product","link":"https:\/\/eltiosam.com.mx\/index.php\/product\/refrigerador-teka-rmf-m77960-gbk-mx\/","title":{"rendered":"Refrigerador Teka RMF77960 GBK MX."},"content":{"rendered":"<div class=\"flex-1 overflow-hidden\">\n<div class=\"react-scroll-to-bottom--css-gfklq-79elbk h-full\">\n<div class=\"react-scroll-to-bottom--css-gfklq-1n7m0yu\">\n<div class=\"flex flex-col pb-9 text-sm\">\n<div class=\"w-full text-token-text-primary\" data-testid=\"conversation-turn-83\">\n<div class=\"px-4 py-2 justify-center text-base md:gap-6 m-auto\">\n<div class=\"flex flex-1 text-base mx-auto gap-3 md:px-5 lg:px-1 xl:px-5 md:max-w-3xl lg:max-w-[40rem] xl:max-w-[48rem] group final-completion\">\n<div class=\"relative flex w-full flex-col lg:w-[calc(100%-115px)] agent-turn\">\n<div class=\"flex-col gap-1 md:gap-3\">\n<div class=\"flex flex-grow flex-col max-w-full\">\n<div class=\"min-h-[20px] text-message flex flex-col items-start gap-3 whitespace-pre-wrap break-words [.text-message+&amp;]:mt-5 overflow-x-auto\" data-message-author-role=\"assistant\" data-message-id=\"c5c08707-0b24-445f-a7d9-a041729da6da\">\n<div class=\"markdown prose w-full break-words dark:prose-invert light\">\n<p><b>Descripci\u00f3n:<\/b><\/p>\n<ul>\n<li>Sistema de refrigeraci\u00f3n: FULL NF<\/li>\n<li>Clase energ\u00e9tica: NOM-2018<\/li>\n<li>Frigor\u00edfico No Frost: S\u00ed<\/li>\n<li>Congelador No Frost: S\u00ed<\/li>\n<li>Capacidad bruta total: 593 litros<\/li>\n<li>Capacidad del compartimiento de refrigeraci\u00f3n: 343 litros<\/li>\n<li>Capacidad del congelador: 179 litros<\/li>\n<li>Clasificaci\u00f3n del congelador: 4<\/li>\n<li>Capacidad de congelaci\u00f3n: 13 kg<\/li>\n<li>Tiempo de elevaci\u00f3n de la temperatura: 11 horas<\/li>\n<li>Clase clim\u00e1tica: T<\/li>\n<li>Potencia sonora: 39 dB<\/li>\n<\/ul>\n<\/div>\n<\/div>\n<\/div>\n<\/div>\n<\/div>\n<\/div>\n<\/div>\n<\/div>\n<\/div>\n<\/div>\n<\/div>\n<\/div>\n","protected":false},"excerpt":{"rendered":"<p>Descripci\u00f3n: Sistema de refrigeraci\u00f3n: FULL NF Clase energ\u00e9tica: NOM-2018 Frigor\u00edfico No Frost: S\u00ed Congelador No Frost: S\u00ed Capacidad bruta total: 593 litros Capacidad del compartimiento de refrigeraci\u00f3n: 343 litros Capacidad del congelador: 179 litros Clasificaci\u00f3n del congelador: 4 Capacidad de congelaci\u00f3n: 13 kg Tiempo de elevaci\u00f3n de la temperatura: 11 horas Clase clim\u00e1tica: T Potencia [&hellip;]<\/p>\n","protected":false},"featured_media":6587,"template":"","meta":{"_joinchat":[]},"product_brand":[],"product_cat":[20,41],"product_tag":[106],"class_list":{"0":"post-6586","1":"product","2":"type-product","3":"status-publish","4":"has-post-thumbnail","6":"product_cat-refrigeracion","7":"product_cat-refrigeradores","8":"product_tag-teka","10":"first","11":"instock","12":"shipping-taxable","13":"product-type-simple"},"_links":{"self":[{"href":"https:\/\/eltiosam.com.mx\/index.php\/wp-json\/wp\/v2\/product\/6586","targetHints":{"allow":["GET"]}}],"collection":[{"href":"https:\/\/eltiosam.com.mx\/index.php\/wp-json\/wp\/v2\/product"}],"about":[{"href":"https:\/\/eltiosam.com.mx\/index.php\/wp-json\/wp\/v2\/types\/product"}],"wp:featuredmedia":[{"embeddable":true,"href":"https:\/\/eltiosam.com.mx\/index.php\/wp-json\/wp\/v2\/media\/6587"}],"wp:attachment":[{"href":"https:\/\/eltiosam.com.mx\/index.php\/wp-json\/wp\/v2\/media?parent=6586"}],"wp:term":[{"taxonomy":"product_brand","embeddable":true,"href":"https:\/\/eltiosam.com.mx\/index.php\/wp-json\/wp\/v2\/product_brand?post=6586"},{"taxonomy":"product_cat","embeddable":true,"href":"https:\/\/eltiosam.com.mx\/index.php\/wp-json\/wp\/v2\/product_cat?post=6586"},{"taxonomy":"product_tag","embeddable":true,"href":"https:\/\/eltiosam.com.mx\/index.php\/wp-json\/wp\/v2\/product_tag?post=6586"}],"curies":[{"name":"wp","href":"https:\/\/api.w.org\/{rel}","templated":true}]}}