{"id":6583,"date":"2023-12-02T15:47:11","date_gmt":"2023-12-02T15:47:11","guid":{"rendered":"https:\/\/eltiosam.com.mx\/?post_type=product&#038;p=6583"},"modified":"2024-02-24T20:09:05","modified_gmt":"2024-02-24T20:09:05","slug":"refrigerador-frigobar-teka-rsr-10520-grd-capacidad-4-cu-ft-cristal-n","status":"publish","type":"product","link":"https:\/\/eltiosam.com.mx\/index.php\/product\/refrigerador-frigobar-teka-rsr-10520-grd-capacidad-4-cu-ft-cristal-n\/","title":{"rendered":"Refrigerador Frigobar Teka RSR 10520 GRD Capacidad 4 Cu. Ft. Cristal N"},"content":{"rendered":"<p>Descripci\u00f3n:<\/p>\n<p>El <strong>Refrigerador Frigobar Teka RSR 10520 GRD<\/strong> ofrece una combinaci\u00f3n de dise\u00f1o elegante y funcionalidad eficiente. Este frigobar es ideal para espacios peque\u00f1os o como complemento en habitaciones, oficinas o \u00e1reas de entretenimiento, proporcionando almacenamiento eficiente y una est\u00e9tica moderna\u200b\u200b\u200b\u200b\u200b\u200b.<\/p>\n","protected":false},"excerpt":{"rendered":"<p>Descripci\u00f3n: El Refrigerador Frigobar Teka RSR 10520 GRD ofrece una combinaci\u00f3n de dise\u00f1o elegante y funcionalidad eficiente. Este frigobar es ideal para espacios peque\u00f1os o como complemento en habitaciones, oficinas o \u00e1reas de entretenimiento, proporcionando almacenamiento eficiente y una est\u00e9tica moderna\u200b\u200b\u200b\u200b\u200b\u200b.<\/p>\n","protected":false},"featured_media":6584,"template":"","meta":{"_joinchat":[]},"product_brand":[],"product_cat":[20,41],"product_tag":[106],"class_list":{"0":"post-6583","1":"product","2":"type-product","3":"status-publish","4":"has-post-thumbnail","6":"product_cat-refrigeracion","7":"product_cat-refrigeradores","8":"product_tag-teka","10":"first","11":"instock","12":"shipping-taxable","13":"product-type-simple"},"_links":{"self":[{"href":"https:\/\/eltiosam.com.mx\/index.php\/wp-json\/wp\/v2\/product\/6583","targetHints":{"allow":["GET"]}}],"collection":[{"href":"https:\/\/eltiosam.com.mx\/index.php\/wp-json\/wp\/v2\/product"}],"about":[{"href":"https:\/\/eltiosam.com.mx\/index.php\/wp-json\/wp\/v2\/types\/product"}],"wp:featuredmedia":[{"embeddable":true,"href":"https:\/\/eltiosam.com.mx\/index.php\/wp-json\/wp\/v2\/media\/6584"}],"wp:attachment":[{"href":"https:\/\/eltiosam.com.mx\/index.php\/wp-json\/wp\/v2\/media?parent=6583"}],"wp:term":[{"taxonomy":"product_brand","embeddable":true,"href":"https:\/\/eltiosam.com.mx\/index.php\/wp-json\/wp\/v2\/product_brand?post=6583"},{"taxonomy":"product_cat","embeddable":true,"href":"https:\/\/eltiosam.com.mx\/index.php\/wp-json\/wp\/v2\/product_cat?post=6583"},{"taxonomy":"product_tag","embeddable":true,"href":"https:\/\/eltiosam.com.mx\/index.php\/wp-json\/wp\/v2\/product_tag?post=6583"}],"curies":[{"name":"wp","href":"https:\/\/api.w.org\/{rel}","templated":true}]}}