{"id":6568,"date":"2023-12-02T02:24:04","date_gmt":"2023-12-02T02:24:04","guid":{"rendered":"https:\/\/eltiosam.com.mx\/?post_type=product&#038;p=6568"},"modified":"2024-02-15T04:05:09","modified_gmt":"2024-02-15T04:05:09","slug":"lavavajillas-easy-dfs-26650-ss-teka","status":"publish","type":"product","link":"https:\/\/eltiosam.com.mx\/index.php\/product\/lavavajillas-easy-dfs-26650-ss-teka\/","title":{"rendered":"Lavavajillas EASY DFS 26650 SS TEKA"},"content":{"rendered":"<p><strong>Descripci\u00f3n:<\/strong><br \/>\nExtraDry genera un calentamiento intenso durante el proceso de secado que minimiza notablemente los cl\u00e1sicos residuos de lavado ofreciendo un resultado perfecto y hasta un 30% m\u00e1s brillante.<\/p>\n","protected":false},"excerpt":{"rendered":"<p>Descripci\u00f3n: ExtraDry genera un calentamiento intenso durante el proceso de secado que minimiza notablemente los cl\u00e1sicos residuos de lavado ofreciendo un resultado perfecto y hasta un 30% m\u00e1s brillante.<\/p>\n","protected":false},"featured_media":6572,"template":"","meta":{"_joinchat":[]},"product_brand":[],"product_cat":[43],"product_tag":[106],"class_list":{"0":"post-6568","1":"product","2":"type-product","3":"status-publish","4":"has-post-thumbnail","6":"product_cat-lavavajillas","7":"product_tag-teka","9":"first","10":"instock","11":"shipping-taxable","12":"product-type-simple"},"_links":{"self":[{"href":"https:\/\/eltiosam.com.mx\/index.php\/wp-json\/wp\/v2\/product\/6568","targetHints":{"allow":["GET"]}}],"collection":[{"href":"https:\/\/eltiosam.com.mx\/index.php\/wp-json\/wp\/v2\/product"}],"about":[{"href":"https:\/\/eltiosam.com.mx\/index.php\/wp-json\/wp\/v2\/types\/product"}],"wp:featuredmedia":[{"embeddable":true,"href":"https:\/\/eltiosam.com.mx\/index.php\/wp-json\/wp\/v2\/media\/6572"}],"wp:attachment":[{"href":"https:\/\/eltiosam.com.mx\/index.php\/wp-json\/wp\/v2\/media?parent=6568"}],"wp:term":[{"taxonomy":"product_brand","embeddable":true,"href":"https:\/\/eltiosam.com.mx\/index.php\/wp-json\/wp\/v2\/product_brand?post=6568"},{"taxonomy":"product_cat","embeddable":true,"href":"https:\/\/eltiosam.com.mx\/index.php\/wp-json\/wp\/v2\/product_cat?post=6568"},{"taxonomy":"product_tag","embeddable":true,"href":"https:\/\/eltiosam.com.mx\/index.php\/wp-json\/wp\/v2\/product_tag?post=6568"}],"curies":[{"name":"wp","href":"https:\/\/api.w.org\/{rel}","templated":true}]}}