{"id":6563,"date":"2023-12-02T02:21:10","date_gmt":"2023-12-02T02:21:10","guid":{"rendered":"https:\/\/eltiosam.com.mx\/?post_type=product&#038;p=6563"},"modified":"2024-02-15T23:02:14","modified_gmt":"2024-02-15T23:02:14","slug":"lavavajillas-libre-instalacion-teka-dfs-76850-ss-14","status":"publish","type":"product","link":"https:\/\/eltiosam.com.mx\/index.php\/product\/lavavajillas-libre-instalacion-teka-dfs-76850-ss-14\/","title":{"rendered":"Lavavajillas Libre Instalaci\u00f3n Teka DFS 76850 SS"},"content":{"rendered":"<p><strong>Descripci\u00f3n:<\/strong><\/p>\n<p>Los lavavajillas panelables y no panelables de Teka ofrecen un dise\u00f1o exclusivo adem\u00e1s de la practicidad y funcionalidad de lavado, son la soluci\u00f3n perfecta para mantener tu vajilla nueva y reluciente como el primer d\u00eda, gracias a sus innovadoras funciones.<\/p>\n","protected":false},"excerpt":{"rendered":"<p>Descripci\u00f3n: Los lavavajillas panelables y no panelables de Teka ofrecen un dise\u00f1o exclusivo adem\u00e1s de la practicidad y funcionalidad de lavado, son la soluci\u00f3n perfecta para mantener tu vajilla nueva y reluciente como el primer d\u00eda, gracias a sus innovadoras funciones.<\/p>\n","protected":false},"featured_media":6566,"template":"","meta":{"_joinchat":[]},"product_brand":[],"product_cat":[43],"product_tag":[106],"class_list":{"0":"post-6563","1":"product","2":"type-product","3":"status-publish","4":"has-post-thumbnail","6":"product_cat-lavavajillas","7":"product_tag-teka","9":"first","10":"instock","11":"shipping-taxable","12":"product-type-simple"},"_links":{"self":[{"href":"https:\/\/eltiosam.com.mx\/index.php\/wp-json\/wp\/v2\/product\/6563","targetHints":{"allow":["GET"]}}],"collection":[{"href":"https:\/\/eltiosam.com.mx\/index.php\/wp-json\/wp\/v2\/product"}],"about":[{"href":"https:\/\/eltiosam.com.mx\/index.php\/wp-json\/wp\/v2\/types\/product"}],"wp:featuredmedia":[{"embeddable":true,"href":"https:\/\/eltiosam.com.mx\/index.php\/wp-json\/wp\/v2\/media\/6566"}],"wp:attachment":[{"href":"https:\/\/eltiosam.com.mx\/index.php\/wp-json\/wp\/v2\/media?parent=6563"}],"wp:term":[{"taxonomy":"product_brand","embeddable":true,"href":"https:\/\/eltiosam.com.mx\/index.php\/wp-json\/wp\/v2\/product_brand?post=6563"},{"taxonomy":"product_cat","embeddable":true,"href":"https:\/\/eltiosam.com.mx\/index.php\/wp-json\/wp\/v2\/product_cat?post=6563"},{"taxonomy":"product_tag","embeddable":true,"href":"https:\/\/eltiosam.com.mx\/index.php\/wp-json\/wp\/v2\/product_tag?post=6563"}],"curies":[{"name":"wp","href":"https:\/\/api.w.org\/{rel}","templated":true}]}}