{"id":6558,"date":"2023-12-02T02:16:18","date_gmt":"2023-12-02T02:16:18","guid":{"rendered":"https:\/\/eltiosam.com.mx\/?post_type=product&#038;p=6558"},"modified":"2024-02-15T22:59:09","modified_gmt":"2024-02-15T22:59:09","slug":"lavavajillas-libre-instalacion-teka-dfs-74850-ss-10-servicios-45-cm","status":"publish","type":"product","link":"https:\/\/eltiosam.com.mx\/index.php\/product\/lavavajillas-libre-instalacion-teka-dfs-74850-ss-10-servicios-45-cm\/","title":{"rendered":"Lavavajillas Libre Instalaci\u00f3n Teka DFS 74850 SS"},"content":{"rendered":"<p><strong>Descripci\u00f3n:<\/strong><\/p>\n<p>El <strong>Lavavajillas Libre Instalaci\u00f3n Teka DFS 74850 SS<\/strong> es una opci\u00f3n avanzada y compacta para la limpieza de vajilla.<\/p>\n<p>Este lavavajillas es ideal para hogares con espacio limitado, ofreciendo tecnolog\u00eda avanzada y m\u00faltiples funciones para una limpieza eficiente y c\u00f3moda de la vajilla\u200b\u200b\u200b<\/p>\n","protected":false},"excerpt":{"rendered":"<p>Descripci\u00f3n: El Lavavajillas Libre Instalaci\u00f3n Teka DFS 74850 SS es una opci\u00f3n avanzada y compacta para la limpieza de vajilla. Este lavavajillas es ideal para hogares con espacio limitado, ofreciendo tecnolog\u00eda avanzada y m\u00faltiples funciones para una limpieza eficiente y c\u00f3moda de la vajilla\u200b\u200b\u200b<\/p>\n","protected":false},"featured_media":6562,"template":"","meta":{"_joinchat":[]},"product_brand":[],"product_cat":[43,42],"product_tag":[106],"class_list":{"0":"post-6558","1":"product","2":"type-product","3":"status-publish","4":"has-post-thumbnail","6":"product_cat-lavavajillas","7":"product_cat-varios","8":"product_tag-teka","10":"first","11":"instock","12":"shipping-taxable","13":"product-type-simple"},"_links":{"self":[{"href":"https:\/\/eltiosam.com.mx\/index.php\/wp-json\/wp\/v2\/product\/6558","targetHints":{"allow":["GET"]}}],"collection":[{"href":"https:\/\/eltiosam.com.mx\/index.php\/wp-json\/wp\/v2\/product"}],"about":[{"href":"https:\/\/eltiosam.com.mx\/index.php\/wp-json\/wp\/v2\/types\/product"}],"wp:featuredmedia":[{"embeddable":true,"href":"https:\/\/eltiosam.com.mx\/index.php\/wp-json\/wp\/v2\/media\/6562"}],"wp:attachment":[{"href":"https:\/\/eltiosam.com.mx\/index.php\/wp-json\/wp\/v2\/media?parent=6558"}],"wp:term":[{"taxonomy":"product_brand","embeddable":true,"href":"https:\/\/eltiosam.com.mx\/index.php\/wp-json\/wp\/v2\/product_brand?post=6558"},{"taxonomy":"product_cat","embeddable":true,"href":"https:\/\/eltiosam.com.mx\/index.php\/wp-json\/wp\/v2\/product_cat?post=6558"},{"taxonomy":"product_tag","embeddable":true,"href":"https:\/\/eltiosam.com.mx\/index.php\/wp-json\/wp\/v2\/product_tag?post=6558"}],"curies":[{"name":"wp","href":"https:\/\/api.w.org\/{rel}","templated":true}]}}