{"id":6510,"date":"2023-11-30T23:57:31","date_gmt":"2023-11-30T23:57:31","guid":{"rendered":"https:\/\/eltiosam.com.mx\/?post_type=product&#038;p=6510"},"modified":"2024-02-23T20:07:26","modified_gmt":"2024-02-23T20:07:26","slug":"parrilla-teka-efx-30-1-2p","status":"publish","type":"product","link":"https:\/\/eltiosam.com.mx\/index.php\/product\/parrilla-teka-efx-30-1-2p\/","title":{"rendered":"Parrilla Teka EFX 30.1 2P"},"content":{"rendered":"<p><strong>Caracter\u00edsticas:<\/strong><\/p>\n<ul>\n<li>Material: Acero inoxidable<\/li>\n<li>Perillas ergon\u00f3micas frontales WISH<\/li>\n<li>Perillas de seguridad<\/li>\n<li>Placas blindadas<\/li>\n<li>Zona de cocci\u00f3n:\n<ul>\n<li>1 placa r\u00e1pida (\u00f8 180 mm): 2,000 W<\/li>\n<li>1 placa r\u00e1pida (\u00f8 145 mm): 1,450 W<\/li>\n<\/ul>\n<\/li>\n<li>Piloto de funcionamiento<\/li>\n<li>Potencia nominal m\u00e1xima: 3,450 W<\/li>\n<li>Voltaje: 127V~ \/ 220-240 V~<\/li>\n<li>Frecuencia: 50\/60 Hz<\/li>\n<\/ul>\n","protected":false},"excerpt":{"rendered":"<p>Caracter\u00edsticas: Material: Acero inoxidable Perillas ergon\u00f3micas frontales WISH Perillas de seguridad Placas blindadas Zona de cocci\u00f3n: 1 placa r\u00e1pida (\u00f8 180 mm): 2,000 W 1 placa r\u00e1pida (\u00f8 145 mm): 1,450 W Piloto de funcionamiento Potencia nominal m\u00e1xima: 3,450 W Voltaje: 127V~ \/ 220-240 V~ Frecuencia: 50\/60 Hz<\/p>\n","protected":false},"featured_media":6511,"template":"","meta":{"_joinchat":[]},"product_brand":[],"product_cat":[29,46],"product_tag":[106],"class_list":{"0":"post-6510","1":"product","2":"type-product","3":"status-publish","4":"has-post-thumbnail","6":"product_cat-coccion","7":"product_cat-parrilla","8":"product_tag-teka","10":"first","11":"instock","12":"shipping-taxable","13":"product-type-simple"},"_links":{"self":[{"href":"https:\/\/eltiosam.com.mx\/index.php\/wp-json\/wp\/v2\/product\/6510","targetHints":{"allow":["GET"]}}],"collection":[{"href":"https:\/\/eltiosam.com.mx\/index.php\/wp-json\/wp\/v2\/product"}],"about":[{"href":"https:\/\/eltiosam.com.mx\/index.php\/wp-json\/wp\/v2\/types\/product"}],"wp:featuredmedia":[{"embeddable":true,"href":"https:\/\/eltiosam.com.mx\/index.php\/wp-json\/wp\/v2\/media\/6511"}],"wp:attachment":[{"href":"https:\/\/eltiosam.com.mx\/index.php\/wp-json\/wp\/v2\/media?parent=6510"}],"wp:term":[{"taxonomy":"product_brand","embeddable":true,"href":"https:\/\/eltiosam.com.mx\/index.php\/wp-json\/wp\/v2\/product_brand?post=6510"},{"taxonomy":"product_cat","embeddable":true,"href":"https:\/\/eltiosam.com.mx\/index.php\/wp-json\/wp\/v2\/product_cat?post=6510"},{"taxonomy":"product_tag","embeddable":true,"href":"https:\/\/eltiosam.com.mx\/index.php\/wp-json\/wp\/v2\/product_tag?post=6510"}],"curies":[{"name":"wp","href":"https:\/\/api.w.org\/{rel}","templated":true}]}}