{"id":6467,"date":"2023-11-30T23:24:03","date_gmt":"2023-11-30T23:24:03","guid":{"rendered":"https:\/\/eltiosam.com.mx\/?post_type=product&#038;p=6467"},"modified":"2024-02-22T00:49:17","modified_gmt":"2024-02-22T00:49:17","slug":"parrilla-de-coccion-a-gas-teka-gsc-95330-wba","status":"publish","type":"product","link":"https:\/\/eltiosam.com.mx\/index.php\/product\/parrilla-de-coccion-a-gas-teka-gsc-95330-wba\/","title":{"rendered":"Parrilla de cocci\u00f3n a gas Teka GSC 95330 WBA"},"content":{"rendered":"<p><strong>Descripci\u00f3n:<\/strong><\/p>\n<p>Potencia nominal m\u00e1xima (W): 11300<\/p>\n<ul>\n<li style=\"list-style-type: none;\">\n<ul>\n<li>Frecuencia (Hz): 50\/60<\/li>\n<li>Fuente de alimentaci\u00f3n (V): 110<\/li>\n<li>Longitud del cable (cm): 120<\/li>\n<\/ul>\n<\/li>\n<li><strong>Zonas de Cocci\u00f3n:<\/strong>\n<ul>\n<li>N\u00famero de zonas de cocci\u00f3n: 5<\/li>\n<\/ul>\n<\/li>\n<li><strong>Sistema de Seguridad:<\/strong>\n<ul>\n<li>Desconexi\u00f3n autom\u00e1tica de seguridad (bloqueo autom\u00e1tico) (Gas): S\u00ed<\/li>\n<\/ul>\n<\/li>\n<li><strong>Acabado:<\/strong>\n<ul>\n<li>Acabado de superficie: Acero inoxidable cepillado<\/li>\n<\/ul>\n<\/li>\n<li><strong>Accesorios:<\/strong>\n<ul>\n<li>Tipo de parrilla: Full Grid<\/li>\n<li>Soporte para Wok: NO<\/li>\n<li>Soportes para recipientes: S\u00ed<\/li>\n<li>Kit de uni\u00f3n: NO<\/li>\n<li>Parrilla de hierro fundido: S\u00ed<\/li>\n<\/ul>\n<\/li>\n<\/ul>\n","protected":false},"excerpt":{"rendered":"<p>Descripci\u00f3n: Potencia nominal m\u00e1xima (W): 11300 Frecuencia (Hz): 50\/60 Fuente de alimentaci\u00f3n (V): 110 Longitud del cable (cm): 120 Zonas de Cocci\u00f3n: N\u00famero de zonas de cocci\u00f3n: 5 Sistema de Seguridad: Desconexi\u00f3n autom\u00e1tica de seguridad (bloqueo autom\u00e1tico) (Gas): S\u00ed Acabado: Acabado de superficie: Acero inoxidable cepillado Accesorios: Tipo de parrilla: Full Grid Soporte para Wok: [&hellip;]<\/p>\n","protected":false},"featured_media":6469,"template":"","meta":{"_joinchat":[]},"product_brand":[],"product_cat":[29,46],"product_tag":[106],"class_list":{"0":"post-6467","1":"product","2":"type-product","3":"status-publish","4":"has-post-thumbnail","6":"product_cat-coccion","7":"product_cat-parrilla","8":"product_tag-teka","10":"first","11":"instock","12":"shipping-taxable","13":"product-type-simple"},"_links":{"self":[{"href":"https:\/\/eltiosam.com.mx\/index.php\/wp-json\/wp\/v2\/product\/6467","targetHints":{"allow":["GET"]}}],"collection":[{"href":"https:\/\/eltiosam.com.mx\/index.php\/wp-json\/wp\/v2\/product"}],"about":[{"href":"https:\/\/eltiosam.com.mx\/index.php\/wp-json\/wp\/v2\/types\/product"}],"wp:featuredmedia":[{"embeddable":true,"href":"https:\/\/eltiosam.com.mx\/index.php\/wp-json\/wp\/v2\/media\/6469"}],"wp:attachment":[{"href":"https:\/\/eltiosam.com.mx\/index.php\/wp-json\/wp\/v2\/media?parent=6467"}],"wp:term":[{"taxonomy":"product_brand","embeddable":true,"href":"https:\/\/eltiosam.com.mx\/index.php\/wp-json\/wp\/v2\/product_brand?post=6467"},{"taxonomy":"product_cat","embeddable":true,"href":"https:\/\/eltiosam.com.mx\/index.php\/wp-json\/wp\/v2\/product_cat?post=6467"},{"taxonomy":"product_tag","embeddable":true,"href":"https:\/\/eltiosam.com.mx\/index.php\/wp-json\/wp\/v2\/product_tag?post=6467"}],"curies":[{"name":"wp","href":"https:\/\/api.w.org\/{rel}","templated":true}]}}