{"id":6462,"date":"2023-11-30T23:21:21","date_gmt":"2023-11-30T23:21:21","guid":{"rendered":"https:\/\/eltiosam.com.mx\/?post_type=product&#038;p=6462"},"modified":"2024-02-22T00:45:41","modified_gmt":"2024-02-22T00:45:41","slug":"parrilla-de-coccion-a-gas-teka-gsc-75330-wba","status":"publish","type":"product","link":"https:\/\/eltiosam.com.mx\/index.php\/product\/parrilla-de-coccion-a-gas-teka-gsc-75330-wba\/","title":{"rendered":"Parrilla de cocci\u00f3n a gas Teka GSC 75330 WBA"},"content":{"rendered":"<div class=\"flex-1 overflow-hidden\">\n<div class=\"react-scroll-to-bottom--css-vmqph-79elbk h-full\">\n<div class=\"react-scroll-to-bottom--css-vmqph-1n7m0yu\">\n<div class=\"flex flex-col pb-9 text-sm\">\n<div class=\"w-full text-token-text-primary\" data-testid=\"conversation-turn-17\">\n<div class=\"px-4 py-2 justify-center text-base md:gap-6 m-auto\">\n<div class=\"flex flex-1 text-base mx-auto gap-3 md:px-5 lg:px-1 xl:px-5 md:max-w-3xl lg:max-w-[40rem] xl:max-w-[48rem] group final-completion\">\n<div class=\"relative flex w-full flex-col lg:w-[calc(100%-115px)] agent-turn\">\n<div class=\"flex-col gap-1 md:gap-3\">\n<div class=\"flex flex-grow flex-col max-w-full\">\n<div class=\"min-h-[20px] text-message flex flex-col items-start gap-3 whitespace-pre-wrap break-words [.text-message+&amp;]:mt-5 overflow-x-auto\" data-message-author-role=\"assistant\" data-message-id=\"88319af8-cbdd-4352-810b-8d7e8ca93e48\">\n<div class=\"markdown prose w-full break-words dark:prose-invert light\">\n<p><strong>Descripci\u00f3n:<\/strong><\/p>\n<ul>\n<li>La parrilla cuenta con tecnolog\u00eda de autoignici\u00f3n, permitiendo un encendido f\u00e1cil y seguro sin necesidad de cerillas o mecheros.<\/li>\n<li>Las rejillas de acero fundido con dise\u00f1o curvo facilitan el deslizamiento de los recipientes de un lugar a otro, brindando mayor independencia al cocinar en cada zona.<\/li>\n<\/ul>\n<p>Esta parrilla es ideal para quienes buscan calidad, eficiencia y dise\u00f1o en su cocina, con la garant\u00eda y tecnolog\u00eda avanzada de Teka\u200b\u200b\u200b\u200b\u200b\u200b\u200b\u200b.<\/p>\n<\/div>\n<\/div>\n<\/div>\n<div class=\"mt-1 flex justify-start gap-3 empty:hidden\">\n<div class=\"text-gray-400 flex self-end lg:self-center justify-center lg:justify-start mt-0 -ml-1 visible\"><\/div>\n<\/div>\n<\/div>\n<\/div>\n<\/div>\n<\/div>\n<\/div>\n<\/div>\n<\/div>\n<\/div>\n<\/div>\n","protected":false},"excerpt":{"rendered":"<p>Descripci\u00f3n: La parrilla cuenta con tecnolog\u00eda de autoignici\u00f3n, permitiendo un encendido f\u00e1cil y seguro sin necesidad de cerillas o mecheros. Las rejillas de acero fundido con dise\u00f1o curvo facilitan el deslizamiento de los recipientes de un lugar a otro, brindando mayor independencia al cocinar en cada zona. Esta parrilla es ideal para quienes buscan calidad, [&hellip;]<\/p>\n","protected":false},"featured_media":6465,"template":"","meta":{"_joinchat":[]},"product_brand":[],"product_cat":[29,46],"product_tag":[106],"class_list":{"0":"post-6462","1":"product","2":"type-product","3":"status-publish","4":"has-post-thumbnail","6":"product_cat-coccion","7":"product_cat-parrilla","8":"product_tag-teka","10":"first","11":"instock","12":"shipping-taxable","13":"product-type-simple"},"_links":{"self":[{"href":"https:\/\/eltiosam.com.mx\/index.php\/wp-json\/wp\/v2\/product\/6462","targetHints":{"allow":["GET"]}}],"collection":[{"href":"https:\/\/eltiosam.com.mx\/index.php\/wp-json\/wp\/v2\/product"}],"about":[{"href":"https:\/\/eltiosam.com.mx\/index.php\/wp-json\/wp\/v2\/types\/product"}],"wp:featuredmedia":[{"embeddable":true,"href":"https:\/\/eltiosam.com.mx\/index.php\/wp-json\/wp\/v2\/media\/6465"}],"wp:attachment":[{"href":"https:\/\/eltiosam.com.mx\/index.php\/wp-json\/wp\/v2\/media?parent=6462"}],"wp:term":[{"taxonomy":"product_brand","embeddable":true,"href":"https:\/\/eltiosam.com.mx\/index.php\/wp-json\/wp\/v2\/product_brand?post=6462"},{"taxonomy":"product_cat","embeddable":true,"href":"https:\/\/eltiosam.com.mx\/index.php\/wp-json\/wp\/v2\/product_cat?post=6462"},{"taxonomy":"product_tag","embeddable":true,"href":"https:\/\/eltiosam.com.mx\/index.php\/wp-json\/wp\/v2\/product_tag?post=6462"}],"curies":[{"name":"wp","href":"https:\/\/api.w.org\/{rel}","templated":true}]}}