{"id":6452,"date":"2023-11-30T23:14:45","date_gmt":"2023-11-30T23:14:45","guid":{"rendered":"https:\/\/eltiosam.com.mx\/?post_type=product&#038;p=6452"},"modified":"2024-01-30T18:58:55","modified_gmt":"2024-01-30T18:58:55","slug":"6452","status":"publish","type":"product","link":"https:\/\/eltiosam.com.mx\/index.php\/product\/6452\/","title":{"rendered":"AirFry HSB 646 SS Horno Teka Multifunci\u00f3n AirFry"},"content":{"rendered":"<p>La marca Teka presenta su horno HSB 646 SS AIRFRY, una innovadora incorporaci\u00f3n a la cocina moderna. Con un ancho de 60 cm, este electrodom\u00e9stico cuenta con una generosa capacidad de 71 litros brutos y 70 litros netos, ofreciendo espacio suficiente para cocinar grandes cantidades de alimentos. El control es intuitivo gracias al mando Touch control y el panel t\u00e1ctil con pantalla LED.<\/p>\n","protected":false},"excerpt":{"rendered":"<p>La marca Teka presenta su horno HSB 646 SS AIRFRY, una innovadora incorporaci\u00f3n a la cocina moderna. Con un ancho de 60 cm, este electrodom\u00e9stico cuenta con una generosa capacidad de 71 litros brutos y 70 litros netos, ofreciendo espacio suficiente para cocinar grandes cantidades de alimentos. El control es intuitivo gracias al mando Touch [&hellip;]<\/p>\n","protected":false},"featured_media":6456,"template":"","meta":{"_joinchat":[]},"product_brand":[],"product_cat":[29,69],"product_tag":[106],"class_list":{"0":"post-6452","1":"product","2":"type-product","3":"status-publish","4":"has-post-thumbnail","6":"product_cat-coccion","7":"product_cat-horno","8":"product_tag-teka","10":"first","11":"instock","12":"shipping-taxable","13":"product-type-simple"},"_links":{"self":[{"href":"https:\/\/eltiosam.com.mx\/index.php\/wp-json\/wp\/v2\/product\/6452","targetHints":{"allow":["GET"]}}],"collection":[{"href":"https:\/\/eltiosam.com.mx\/index.php\/wp-json\/wp\/v2\/product"}],"about":[{"href":"https:\/\/eltiosam.com.mx\/index.php\/wp-json\/wp\/v2\/types\/product"}],"wp:featuredmedia":[{"embeddable":true,"href":"https:\/\/eltiosam.com.mx\/index.php\/wp-json\/wp\/v2\/media\/6456"}],"wp:attachment":[{"href":"https:\/\/eltiosam.com.mx\/index.php\/wp-json\/wp\/v2\/media?parent=6452"}],"wp:term":[{"taxonomy":"product_brand","embeddable":true,"href":"https:\/\/eltiosam.com.mx\/index.php\/wp-json\/wp\/v2\/product_brand?post=6452"},{"taxonomy":"product_cat","embeddable":true,"href":"https:\/\/eltiosam.com.mx\/index.php\/wp-json\/wp\/v2\/product_cat?post=6452"},{"taxonomy":"product_tag","embeddable":true,"href":"https:\/\/eltiosam.com.mx\/index.php\/wp-json\/wp\/v2\/product_tag?post=6452"}],"curies":[{"name":"wp","href":"https:\/\/api.w.org\/{rel}","templated":true}]}}