{"id":6438,"date":"2023-11-30T23:08:06","date_gmt":"2023-11-30T23:08:06","guid":{"rendered":"https:\/\/eltiosam.com.mx\/?post_type=product&#038;p=6438"},"modified":"2024-02-12T21:30:23","modified_gmt":"2024-02-12T21:30:23","slug":"horno-electrico-hlb-8510-p-bk-maestro-pizza-teka","status":"publish","type":"product","link":"https:\/\/eltiosam.com.mx\/index.php\/product\/horno-electrico-hlb-8510-p-bk-maestro-pizza-teka\/","title":{"rendered":"Horno El\u00e9ctrico HLB 8510 P BK MAESTRO PIZZA TEKA"},"content":{"rendered":"<p><strong>Descripci\u00f3n:<\/strong><\/p>\n<p>Gracias a la combinaci\u00f3n de las altas temperaturas con la piedra pizza podr\u00e1s preparar 10 pizzas en tan solo 30 minutos. R\u00e1pido y sencillo, obteniendo resultados impecables.<\/p>\n","protected":false},"excerpt":{"rendered":"<p>Descripci\u00f3n: Gracias a la combinaci\u00f3n de las altas temperaturas con la piedra pizza podr\u00e1s preparar 10 pizzas en tan solo 30 minutos. R\u00e1pido y sencillo, obteniendo resultados impecables.<\/p>\n","protected":false},"featured_media":6442,"template":"","meta":{"_joinchat":[]},"product_brand":[],"product_cat":[29,69],"product_tag":[106],"class_list":{"0":"post-6438","1":"product","2":"type-product","3":"status-publish","4":"has-post-thumbnail","6":"product_cat-coccion","7":"product_cat-horno","8":"product_tag-teka","10":"first","11":"instock","12":"shipping-taxable","13":"product-type-simple"},"_links":{"self":[{"href":"https:\/\/eltiosam.com.mx\/index.php\/wp-json\/wp\/v2\/product\/6438","targetHints":{"allow":["GET"]}}],"collection":[{"href":"https:\/\/eltiosam.com.mx\/index.php\/wp-json\/wp\/v2\/product"}],"about":[{"href":"https:\/\/eltiosam.com.mx\/index.php\/wp-json\/wp\/v2\/types\/product"}],"wp:featuredmedia":[{"embeddable":true,"href":"https:\/\/eltiosam.com.mx\/index.php\/wp-json\/wp\/v2\/media\/6442"}],"wp:attachment":[{"href":"https:\/\/eltiosam.com.mx\/index.php\/wp-json\/wp\/v2\/media?parent=6438"}],"wp:term":[{"taxonomy":"product_brand","embeddable":true,"href":"https:\/\/eltiosam.com.mx\/index.php\/wp-json\/wp\/v2\/product_brand?post=6438"},{"taxonomy":"product_cat","embeddable":true,"href":"https:\/\/eltiosam.com.mx\/index.php\/wp-json\/wp\/v2\/product_cat?post=6438"},{"taxonomy":"product_tag","embeddable":true,"href":"https:\/\/eltiosam.com.mx\/index.php\/wp-json\/wp\/v2\/product_tag?post=6438"}],"curies":[{"name":"wp","href":"https:\/\/api.w.org\/{rel}","templated":true}]}}