{"id":6425,"date":"2023-11-30T22:58:06","date_gmt":"2023-11-30T22:58:06","guid":{"rendered":"https:\/\/eltiosam.com.mx\/?post_type=product&#038;p=6425"},"modified":"2024-02-27T20:34:50","modified_gmt":"2024-02-27T20:34:50","slug":"teka-horno-a-gas-hsb-756-g-ss-23-4-en-acero-inoxidable","status":"publish","type":"product","link":"https:\/\/eltiosam.com.mx\/index.php\/product\/teka-horno-a-gas-hsb-756-g-ss-23-4-en-acero-inoxidable\/","title":{"rendered":"Teka Horno a gas HSB 756 G SS 23.4&#8243; en Acero Inoxidable"},"content":{"rendered":"<p><b>Descripci\u00f3n:<\/b><\/p>\n<p>Este horno a gas Teka combina dise\u00f1o elegante con funcionalidades avanzadas. Con su capacidad de 65 litros, m\u00faltiples funciones de cocinado, grill el\u00e9ctrico, iluminaci\u00f3n hal\u00f3gena y otras caracter\u00edsticas, ofrece un rendimiento excepcional en la cocina. La seguridad est\u00e1 garantizada con el termopar integrado y otras caracter\u00edsticas de protecci\u00f3n. Su acabado en acero inoxidable con antihuella le confiere durabilidad y estilo.<\/p>\n","protected":false},"excerpt":{"rendered":"<p>Descripci\u00f3n: Este horno a gas Teka combina dise\u00f1o elegante con funcionalidades avanzadas. Con su capacidad de 65 litros, m\u00faltiples funciones de cocinado, grill el\u00e9ctrico, iluminaci\u00f3n hal\u00f3gena y otras caracter\u00edsticas, ofrece un rendimiento excepcional en la cocina. La seguridad est\u00e1 garantizada con el termopar integrado y otras caracter\u00edsticas de protecci\u00f3n. Su acabado en acero inoxidable con [&hellip;]<\/p>\n","protected":false},"featured_media":6426,"template":"","meta":{"_joinchat":[]},"product_brand":[],"product_cat":[29,69],"product_tag":[106],"class_list":{"0":"post-6425","1":"product","2":"type-product","3":"status-publish","4":"has-post-thumbnail","6":"product_cat-coccion","7":"product_cat-horno","8":"product_tag-teka","10":"first","11":"instock","12":"shipping-taxable","13":"product-type-simple"},"_links":{"self":[{"href":"https:\/\/eltiosam.com.mx\/index.php\/wp-json\/wp\/v2\/product\/6425","targetHints":{"allow":["GET"]}}],"collection":[{"href":"https:\/\/eltiosam.com.mx\/index.php\/wp-json\/wp\/v2\/product"}],"about":[{"href":"https:\/\/eltiosam.com.mx\/index.php\/wp-json\/wp\/v2\/types\/product"}],"wp:featuredmedia":[{"embeddable":true,"href":"https:\/\/eltiosam.com.mx\/index.php\/wp-json\/wp\/v2\/media\/6426"}],"wp:attachment":[{"href":"https:\/\/eltiosam.com.mx\/index.php\/wp-json\/wp\/v2\/media?parent=6425"}],"wp:term":[{"taxonomy":"product_brand","embeddable":true,"href":"https:\/\/eltiosam.com.mx\/index.php\/wp-json\/wp\/v2\/product_brand?post=6425"},{"taxonomy":"product_cat","embeddable":true,"href":"https:\/\/eltiosam.com.mx\/index.php\/wp-json\/wp\/v2\/product_cat?post=6425"},{"taxonomy":"product_tag","embeddable":true,"href":"https:\/\/eltiosam.com.mx\/index.php\/wp-json\/wp\/v2\/product_tag?post=6425"}],"curies":[{"name":"wp","href":"https:\/\/api.w.org\/{rel}","templated":true}]}}