{"id":6420,"date":"2023-11-30T22:53:05","date_gmt":"2023-11-30T22:53:05","guid":{"rendered":"https:\/\/eltiosam.com.mx\/?post_type=product&#038;p=6420"},"modified":"2024-02-13T20:34:04","modified_gmt":"2024-02-13T20:34:04","slug":"hsb-750-horno-a-gas-con-grill-electrico-multifuncion-con-conveccion","status":"publish","type":"product","link":"https:\/\/eltiosam.com.mx\/index.php\/product\/hsb-750-horno-a-gas-con-grill-electrico-multifuncion-con-conveccion\/","title":{"rendered":"Horno Teka HSB 750 a Gas con Grill El\u00e9ctrico Multifunci\u00f3n con Convecci\u00f3n"},"content":{"rendered":"<p><strong>Descripci\u00f3n:<\/strong><\/p>\n<p>Los hornos empotrables Teka cuentan con gran variedad de funcionalidades para un cocinado m\u00e1s din\u00e1mico, respaldado por la garant\u00eda reconocida de Teka, adem\u00e1s de funcionalidades ahorrativas y de limpieza de \u00faltima generaci\u00f3n.<\/p>\n<p>&nbsp;<\/p>\n","protected":false},"excerpt":{"rendered":"<p>Descripci\u00f3n: Los hornos empotrables Teka cuentan con gran variedad de funcionalidades para un cocinado m\u00e1s din\u00e1mico, respaldado por la garant\u00eda reconocida de Teka, adem\u00e1s de funcionalidades ahorrativas y de limpieza de \u00faltima generaci\u00f3n. &nbsp;<\/p>\n","protected":false},"featured_media":6423,"template":"","meta":{"_joinchat":[]},"product_brand":[],"product_cat":[29,69],"product_tag":[106],"class_list":{"0":"post-6420","1":"product","2":"type-product","3":"status-publish","4":"has-post-thumbnail","6":"product_cat-coccion","7":"product_cat-horno","8":"product_tag-teka","10":"first","11":"instock","12":"shipping-taxable","13":"product-type-simple"},"_links":{"self":[{"href":"https:\/\/eltiosam.com.mx\/index.php\/wp-json\/wp\/v2\/product\/6420","targetHints":{"allow":["GET"]}}],"collection":[{"href":"https:\/\/eltiosam.com.mx\/index.php\/wp-json\/wp\/v2\/product"}],"about":[{"href":"https:\/\/eltiosam.com.mx\/index.php\/wp-json\/wp\/v2\/types\/product"}],"wp:featuredmedia":[{"embeddable":true,"href":"https:\/\/eltiosam.com.mx\/index.php\/wp-json\/wp\/v2\/media\/6423"}],"wp:attachment":[{"href":"https:\/\/eltiosam.com.mx\/index.php\/wp-json\/wp\/v2\/media?parent=6420"}],"wp:term":[{"taxonomy":"product_brand","embeddable":true,"href":"https:\/\/eltiosam.com.mx\/index.php\/wp-json\/wp\/v2\/product_brand?post=6420"},{"taxonomy":"product_cat","embeddable":true,"href":"https:\/\/eltiosam.com.mx\/index.php\/wp-json\/wp\/v2\/product_cat?post=6420"},{"taxonomy":"product_tag","embeddable":true,"href":"https:\/\/eltiosam.com.mx\/index.php\/wp-json\/wp\/v2\/product_tag?post=6420"}],"curies":[{"name":"wp","href":"https:\/\/api.w.org\/{rel}","templated":true}]}}