{"id":6301,"date":"2023-11-30T19:36:38","date_gmt":"2023-11-30T19:36:38","guid":{"rendered":"https:\/\/eltiosam.com.mx\/?post_type=product&#038;p=6301"},"modified":"2024-02-22T00:20:09","modified_gmt":"2024-02-22T00:20:09","slug":"paquete-tekaway-dm-33-22-2c-9-mj","status":"publish","type":"product","link":"https:\/\/eltiosam.com.mx\/index.php\/product\/paquete-tekaway-dm-33-22-2c-9-mj\/","title":{"rendered":"Paquete Tekaway DM 33.22 2C 9 MJ"},"content":{"rendered":"<p>Descripci\u00f3n:<\/p>\n<p>Este paquete es una soluci\u00f3n completa que combina un elegante fregadero de acero inoxidable con un monomando extra\u00edble alto, proporcionando funcionalidad y estilo en tu cocina. La inclusi\u00f3n de contracanastas, canastilla, escurridor y tabla de corte a\u00f1ade practicidad y versatilidad al conjunto. Es ideal para instalaci\u00f3n submontar o empotrar, ofreciendo flexibilidad en el dise\u00f1o de tu cocina.<\/p>\n","protected":false},"excerpt":{"rendered":"<p>Descripci\u00f3n: Este paquete es una soluci\u00f3n completa que combina un elegante fregadero de acero inoxidable con un monomando extra\u00edble alto, proporcionando funcionalidad y estilo en tu cocina. La inclusi\u00f3n de contracanastas, canastilla, escurridor y tabla de corte a\u00f1ade practicidad y versatilidad al conjunto. Es ideal para instalaci\u00f3n submontar o empotrar, ofreciendo flexibilidad en el dise\u00f1o [&hellip;]<\/p>\n","protected":false},"featured_media":6302,"template":"","meta":{"_joinchat":[]},"product_brand":[],"product_cat":[219],"product_tag":[106],"class_list":{"0":"post-6301","1":"product","2":"type-product","3":"status-publish","4":"has-post-thumbnail","6":"product_cat-paquetes","7":"product_tag-teka","9":"first","10":"instock","11":"shipping-taxable","12":"product-type-simple"},"_links":{"self":[{"href":"https:\/\/eltiosam.com.mx\/index.php\/wp-json\/wp\/v2\/product\/6301","targetHints":{"allow":["GET"]}}],"collection":[{"href":"https:\/\/eltiosam.com.mx\/index.php\/wp-json\/wp\/v2\/product"}],"about":[{"href":"https:\/\/eltiosam.com.mx\/index.php\/wp-json\/wp\/v2\/types\/product"}],"wp:featuredmedia":[{"embeddable":true,"href":"https:\/\/eltiosam.com.mx\/index.php\/wp-json\/wp\/v2\/media\/6302"}],"wp:attachment":[{"href":"https:\/\/eltiosam.com.mx\/index.php\/wp-json\/wp\/v2\/media?parent=6301"}],"wp:term":[{"taxonomy":"product_brand","embeddable":true,"href":"https:\/\/eltiosam.com.mx\/index.php\/wp-json\/wp\/v2\/product_brand?post=6301"},{"taxonomy":"product_cat","embeddable":true,"href":"https:\/\/eltiosam.com.mx\/index.php\/wp-json\/wp\/v2\/product_cat?post=6301"},{"taxonomy":"product_tag","embeddable":true,"href":"https:\/\/eltiosam.com.mx\/index.php\/wp-json\/wp\/v2\/product_tag?post=6301"}],"curies":[{"name":"wp","href":"https:\/\/api.w.org\/{rel}","templated":true}]}}