{"id":6273,"date":"2023-11-30T19:19:18","date_gmt":"2023-11-30T19:19:18","guid":{"rendered":"https:\/\/eltiosam.com.mx\/?post_type=product&#038;p=6273"},"modified":"2024-02-26T04:04:32","modified_gmt":"2024-02-26T04:04:32","slug":"refrigerador-top-mount-whirlpool-11-pies-tecnologia-xpert-energy-saver-wt1143k","status":"publish","type":"product","link":"https:\/\/eltiosam.com.mx\/index.php\/product\/refrigerador-top-mount-whirlpool-11-pies-tecnologia-xpert-energy-saver-wt1143k\/","title":{"rendered":"Refrigerador Top Mount Whirlpool 11 pies tecnolog\u00eda Xpert Energy Saver WT1143K"},"content":{"rendered":"<p><b>Descripci\u00f3n:<\/b><\/p>\n<p>Este refrigerador Top Mount ofrece tecnolog\u00eda avanzada, capacidad eficiente y diversas caracter\u00edsticas para mantener tus alimentos frescos por m\u00e1s tiempo. Si tienes m\u00e1s preguntas o necesitas informaci\u00f3n adicional, no dudes en preguntar.<\/p>\n","protected":false},"excerpt":{"rendered":"<p>Descripci\u00f3n: Este refrigerador Top Mount ofrece tecnolog\u00eda avanzada, capacidad eficiente y diversas caracter\u00edsticas para mantener tus alimentos frescos por m\u00e1s tiempo. Si tienes m\u00e1s preguntas o necesitas informaci\u00f3n adicional, no dudes en preguntar.<\/p>\n","protected":false},"featured_media":6279,"template":"","meta":{"_joinchat":[]},"product_brand":[],"product_cat":[20,41],"product_tag":[204],"class_list":{"0":"post-6273","1":"product","2":"type-product","3":"status-publish","4":"has-post-thumbnail","6":"product_cat-refrigeracion","7":"product_cat-refrigeradores","8":"product_tag-whirlpool","10":"first","11":"instock","12":"shipping-taxable","13":"product-type-simple"},"_links":{"self":[{"href":"https:\/\/eltiosam.com.mx\/index.php\/wp-json\/wp\/v2\/product\/6273","targetHints":{"allow":["GET"]}}],"collection":[{"href":"https:\/\/eltiosam.com.mx\/index.php\/wp-json\/wp\/v2\/product"}],"about":[{"href":"https:\/\/eltiosam.com.mx\/index.php\/wp-json\/wp\/v2\/types\/product"}],"wp:featuredmedia":[{"embeddable":true,"href":"https:\/\/eltiosam.com.mx\/index.php\/wp-json\/wp\/v2\/media\/6279"}],"wp:attachment":[{"href":"https:\/\/eltiosam.com.mx\/index.php\/wp-json\/wp\/v2\/media?parent=6273"}],"wp:term":[{"taxonomy":"product_brand","embeddable":true,"href":"https:\/\/eltiosam.com.mx\/index.php\/wp-json\/wp\/v2\/product_brand?post=6273"},{"taxonomy":"product_cat","embeddable":true,"href":"https:\/\/eltiosam.com.mx\/index.php\/wp-json\/wp\/v2\/product_cat?post=6273"},{"taxonomy":"product_tag","embeddable":true,"href":"https:\/\/eltiosam.com.mx\/index.php\/wp-json\/wp\/v2\/product_tag?post=6273"}],"curies":[{"name":"wp","href":"https:\/\/api.w.org\/{rel}","templated":true}]}}