{"id":6267,"date":"2023-11-30T19:16:49","date_gmt":"2023-11-30T19:16:49","guid":{"rendered":"https:\/\/eltiosam.com.mx\/?post_type=product&#038;p=6267"},"modified":"2024-02-26T04:28:10","modified_gmt":"2024-02-26T04:28:10","slug":"refrigerador-whirlpool-wt1230k-12ft-top-mount","status":"publish","type":"product","link":"https:\/\/eltiosam.com.mx\/index.php\/product\/refrigerador-whirlpool-wt1230k-12ft-top-mount\/","title":{"rendered":"Refrigerador Whirlpool WT1230K 12ft Top Mount"},"content":{"rendered":"<h3>Descripci\u00f3n:<\/p>\n<p><span style=\"font-size: 16px;\">Este refrigerador Whirlpool ofrece un dise\u00f1o moderno e innovador, combinando materiales robustos como el acero inoxidable y tecnolog\u00eda LED para una mayor eficiencia energ\u00e9tica\u200b\u200b\u200b\u200b\u200b\u200b\u200b\u200b.<\/span><\/h3>\n","protected":false},"excerpt":{"rendered":"<p>Descripci\u00f3n: Este refrigerador Whirlpool ofrece un dise\u00f1o moderno e innovador, combinando materiales robustos como el acero inoxidable y tecnolog\u00eda LED para una mayor eficiencia energ\u00e9tica\u200b\u200b\u200b\u200b\u200b\u200b\u200b\u200b.<\/p>\n","protected":false},"featured_media":6272,"template":"","meta":{"_joinchat":[]},"product_brand":[],"product_cat":[20,41],"product_tag":[204],"class_list":{"0":"post-6267","1":"product","2":"type-product","3":"status-publish","4":"has-post-thumbnail","6":"product_cat-refrigeracion","7":"product_cat-refrigeradores","8":"product_tag-whirlpool","10":"first","11":"instock","12":"shipping-taxable","13":"product-type-simple"},"_links":{"self":[{"href":"https:\/\/eltiosam.com.mx\/index.php\/wp-json\/wp\/v2\/product\/6267","targetHints":{"allow":["GET"]}}],"collection":[{"href":"https:\/\/eltiosam.com.mx\/index.php\/wp-json\/wp\/v2\/product"}],"about":[{"href":"https:\/\/eltiosam.com.mx\/index.php\/wp-json\/wp\/v2\/types\/product"}],"wp:featuredmedia":[{"embeddable":true,"href":"https:\/\/eltiosam.com.mx\/index.php\/wp-json\/wp\/v2\/media\/6272"}],"wp:attachment":[{"href":"https:\/\/eltiosam.com.mx\/index.php\/wp-json\/wp\/v2\/media?parent=6267"}],"wp:term":[{"taxonomy":"product_brand","embeddable":true,"href":"https:\/\/eltiosam.com.mx\/index.php\/wp-json\/wp\/v2\/product_brand?post=6267"},{"taxonomy":"product_cat","embeddable":true,"href":"https:\/\/eltiosam.com.mx\/index.php\/wp-json\/wp\/v2\/product_cat?post=6267"},{"taxonomy":"product_tag","embeddable":true,"href":"https:\/\/eltiosam.com.mx\/index.php\/wp-json\/wp\/v2\/product_tag?post=6267"}],"curies":[{"name":"wp","href":"https:\/\/api.w.org\/{rel}","templated":true}]}}