{"id":6262,"date":"2023-11-30T19:04:11","date_gmt":"2023-11-30T19:04:11","guid":{"rendered":"https:\/\/eltiosam.com.mx\/?post_type=product&#038;p=6262"},"modified":"2024-02-27T21:39:07","modified_gmt":"2024-02-27T21:39:07","slug":"whirlpool-refrigerador-wt1431d-14-pies-cubicos-395-litros-gris","status":"publish","type":"product","link":"https:\/\/eltiosam.com.mx\/index.php\/product\/whirlpool-refrigerador-wt1431d-14-pies-cubicos-395-litros-gris\/","title":{"rendered":"Whirlpool Refrigerador WT1431D, 14 Pies C\u00fabicos, 395 Litros, Gris"},"content":{"rendered":"<p><strong>Descripci\u00f3n:<\/strong><\/p>\n<p>El Refrigerador Whirlpool WT1431D es una opci\u00f3n eficiente y vers\u00e1til para el manejo de alimentos. Con una capacidad de 14 pies c\u00fabicos y 395 litros, este refrigerador Top Mount presenta tecnolog\u00eda Xpert Energy Saver, ofreciendo 10 a\u00f1os de garant\u00eda en el compresor. Adem\u00e1s, destaca por ser #1 en manejo de espacio con Xpert Spaces, proporcionando un 50% m\u00e1s de espacio para frutas y verduras*.<\/p>\n<p>&nbsp;<\/p>\n","protected":false},"excerpt":{"rendered":"<p>Descripci\u00f3n: El Refrigerador Whirlpool WT1431D es una opci\u00f3n eficiente y vers\u00e1til para el manejo de alimentos. Con una capacidad de 14 pies c\u00fabicos y 395 litros, este refrigerador Top Mount presenta tecnolog\u00eda Xpert Energy Saver, ofreciendo 10 a\u00f1os de garant\u00eda en el compresor. Adem\u00e1s, destaca por ser #1 en manejo de espacio con Xpert Spaces, [&hellip;]<\/p>\n","protected":false},"featured_media":6266,"template":"","meta":{"_joinchat":[]},"product_brand":[],"product_cat":[20,41],"product_tag":[204],"class_list":{"0":"post-6262","1":"product","2":"type-product","3":"status-publish","4":"has-post-thumbnail","6":"product_cat-refrigeracion","7":"product_cat-refrigeradores","8":"product_tag-whirlpool","10":"first","11":"instock","12":"shipping-taxable","13":"product-type-simple"},"_links":{"self":[{"href":"https:\/\/eltiosam.com.mx\/index.php\/wp-json\/wp\/v2\/product\/6262","targetHints":{"allow":["GET"]}}],"collection":[{"href":"https:\/\/eltiosam.com.mx\/index.php\/wp-json\/wp\/v2\/product"}],"about":[{"href":"https:\/\/eltiosam.com.mx\/index.php\/wp-json\/wp\/v2\/types\/product"}],"wp:featuredmedia":[{"embeddable":true,"href":"https:\/\/eltiosam.com.mx\/index.php\/wp-json\/wp\/v2\/media\/6266"}],"wp:attachment":[{"href":"https:\/\/eltiosam.com.mx\/index.php\/wp-json\/wp\/v2\/media?parent=6262"}],"wp:term":[{"taxonomy":"product_brand","embeddable":true,"href":"https:\/\/eltiosam.com.mx\/index.php\/wp-json\/wp\/v2\/product_brand?post=6262"},{"taxonomy":"product_cat","embeddable":true,"href":"https:\/\/eltiosam.com.mx\/index.php\/wp-json\/wp\/v2\/product_cat?post=6262"},{"taxonomy":"product_tag","embeddable":true,"href":"https:\/\/eltiosam.com.mx\/index.php\/wp-json\/wp\/v2\/product_tag?post=6262"}],"curies":[{"name":"wp","href":"https:\/\/api.w.org\/{rel}","templated":true}]}}