{"id":6242,"date":"2023-11-30T18:52:19","date_gmt":"2023-11-30T18:52:19","guid":{"rendered":"https:\/\/eltiosam.com.mx\/?post_type=product&#038;p=6242"},"modified":"2024-02-24T20:03:54","modified_gmt":"2024-02-24T20:03:54","slug":"refrigerador-duplex-whirlpool-wd5620s-25-pies-acero-inoxidable","status":"publish","type":"product","link":"https:\/\/eltiosam.com.mx\/index.php\/product\/refrigerador-duplex-whirlpool-wd5620s-25-pies-acero-inoxidable\/","title":{"rendered":"Refrigerador Duplex Whirlpool WD5620S 25 Pies Acero Inoxidable"},"content":{"rendered":"<h3>Descripci\u00f3n:<\/h3>\n<ul>\n<li>Este refrigerador cuenta con <strong>control de temperatura electr\u00f3nico interior<\/strong>, ofreciendo una mejor administraci\u00f3n de la refrigeraci\u00f3n.<\/li>\n<li>Dispone de una <strong>configuraci\u00f3n ergon\u00f3mica<\/strong> que facilita el acceso y la organizaci\u00f3n de los alimentos.<\/li>\n<li>Aunque no incorpora pantalla integrada, ofrece un <strong>dise\u00f1o moderno y elegante<\/strong> que se adapta a cualquier estilo decorativo.<\/li>\n<li><strong>Tipo de Instalaci\u00f3n<\/strong>: Independiente<\/li>\n<\/ul>\n","protected":false},"excerpt":{"rendered":"<p>Descripci\u00f3n: Este refrigerador cuenta con control de temperatura electr\u00f3nico interior, ofreciendo una mejor administraci\u00f3n de la refrigeraci\u00f3n. Dispone de una configuraci\u00f3n ergon\u00f3mica que facilita el acceso y la organizaci\u00f3n de los alimentos. Aunque no incorpora pantalla integrada, ofrece un dise\u00f1o moderno y elegante que se adapta a cualquier estilo decorativo. Tipo de Instalaci\u00f3n: Independiente<\/p>\n","protected":false},"featured_media":6246,"template":"","meta":{"_joinchat":[]},"product_brand":[],"product_cat":[20,41],"product_tag":[204],"class_list":{"0":"post-6242","1":"product","2":"type-product","3":"status-publish","4":"has-post-thumbnail","6":"product_cat-refrigeracion","7":"product_cat-refrigeradores","8":"product_tag-whirlpool","10":"first","11":"instock","12":"shipping-taxable","13":"product-type-simple"},"_links":{"self":[{"href":"https:\/\/eltiosam.com.mx\/index.php\/wp-json\/wp\/v2\/product\/6242","targetHints":{"allow":["GET"]}}],"collection":[{"href":"https:\/\/eltiosam.com.mx\/index.php\/wp-json\/wp\/v2\/product"}],"about":[{"href":"https:\/\/eltiosam.com.mx\/index.php\/wp-json\/wp\/v2\/types\/product"}],"wp:featuredmedia":[{"embeddable":true,"href":"https:\/\/eltiosam.com.mx\/index.php\/wp-json\/wp\/v2\/media\/6246"}],"wp:attachment":[{"href":"https:\/\/eltiosam.com.mx\/index.php\/wp-json\/wp\/v2\/media?parent=6242"}],"wp:term":[{"taxonomy":"product_brand","embeddable":true,"href":"https:\/\/eltiosam.com.mx\/index.php\/wp-json\/wp\/v2\/product_brand?post=6242"},{"taxonomy":"product_cat","embeddable":true,"href":"https:\/\/eltiosam.com.mx\/index.php\/wp-json\/wp\/v2\/product_cat?post=6242"},{"taxonomy":"product_tag","embeddable":true,"href":"https:\/\/eltiosam.com.mx\/index.php\/wp-json\/wp\/v2\/product_tag?post=6242"}],"curies":[{"name":"wp","href":"https:\/\/api.w.org\/{rel}","templated":true}]}}