{"id":6236,"date":"2023-11-30T18:49:27","date_gmt":"2023-11-30T18:49:27","guid":{"rendered":"https:\/\/eltiosam.com.mx\/?post_type=product&#038;p=6236"},"modified":"2024-02-24T20:07:13","modified_gmt":"2024-02-24T20:07:13","slug":"refrigerador-french-door-whirlpool-mwrf220sehm-gris-20p3","status":"publish","type":"product","link":"https:\/\/eltiosam.com.mx\/index.php\/product\/refrigerador-french-door-whirlpool-mwrf220sehm-gris-20p3\/","title":{"rendered":"Refrigerador French Door Whirlpool MWRF220SEHM Gris 20P3"},"content":{"rendered":"<h3>Descripci\u00f3n<\/h3>\n<ul>\n<li><strong>Control electr\u00f3nico de temperatura<\/strong> dentro del dispensador de agua<\/li>\n<li><strong>Luz interior LED<\/strong><\/li>\n<li><strong>Parrillas del refrigerador<\/strong>: 3 ajustables de cristal templado, 1 fija de cristal templado<\/li>\n<li><strong>Anaqueles<\/strong>: 5 (ajustables y con capacidad para galones), 1 peque\u00f1o fijo<\/li>\n<li><strong>Cajones<\/strong>: 1 para carnes fr\u00edas, 2 para frutas y verduras con control de temperatura<\/li>\n<li><strong>Filtraci\u00f3n de agua PUR<\/strong><\/li>\n<li>Compatible con el sistema de sonido <strong>CoolVox<\/strong><\/li>\n<\/ul>\n","protected":false},"excerpt":{"rendered":"<p>Descripci\u00f3n Control electr\u00f3nico de temperatura dentro del dispensador de agua Luz interior LED Parrillas del refrigerador: 3 ajustables de cristal templado, 1 fija de cristal templado Anaqueles: 5 (ajustables y con capacidad para galones), 1 peque\u00f1o fijo Cajones: 1 para carnes fr\u00edas, 2 para frutas y verduras con control de temperatura Filtraci\u00f3n de agua PUR [&hellip;]<\/p>\n","protected":false},"featured_media":6241,"template":"","meta":{"_joinchat":[]},"product_brand":[],"product_cat":[20,41],"product_tag":[204],"class_list":{"0":"post-6236","1":"product","2":"type-product","3":"status-publish","4":"has-post-thumbnail","6":"product_cat-refrigeracion","7":"product_cat-refrigeradores","8":"product_tag-whirlpool","10":"first","11":"instock","12":"shipping-taxable","13":"product-type-simple"},"_links":{"self":[{"href":"https:\/\/eltiosam.com.mx\/index.php\/wp-json\/wp\/v2\/product\/6236","targetHints":{"allow":["GET"]}}],"collection":[{"href":"https:\/\/eltiosam.com.mx\/index.php\/wp-json\/wp\/v2\/product"}],"about":[{"href":"https:\/\/eltiosam.com.mx\/index.php\/wp-json\/wp\/v2\/types\/product"}],"wp:featuredmedia":[{"embeddable":true,"href":"https:\/\/eltiosam.com.mx\/index.php\/wp-json\/wp\/v2\/media\/6241"}],"wp:attachment":[{"href":"https:\/\/eltiosam.com.mx\/index.php\/wp-json\/wp\/v2\/media?parent=6236"}],"wp:term":[{"taxonomy":"product_brand","embeddable":true,"href":"https:\/\/eltiosam.com.mx\/index.php\/wp-json\/wp\/v2\/product_brand?post=6236"},{"taxonomy":"product_cat","embeddable":true,"href":"https:\/\/eltiosam.com.mx\/index.php\/wp-json\/wp\/v2\/product_cat?post=6236"},{"taxonomy":"product_tag","embeddable":true,"href":"https:\/\/eltiosam.com.mx\/index.php\/wp-json\/wp\/v2\/product_tag?post=6236"}],"curies":[{"name":"wp","href":"https:\/\/api.w.org\/{rel}","templated":true}]}}