{"id":6229,"date":"2023-11-30T18:43:22","date_gmt":"2023-11-30T18:43:22","guid":{"rendered":"https:\/\/eltiosam.com.mx\/?post_type=product&#038;p=6229"},"modified":"2024-02-24T19:20:05","modified_gmt":"2024-02-24T19:20:05","slug":"refrigerador-duo-whirlpool-18p3-ccwsz57l18dm","status":"publish","type":"product","link":"https:\/\/eltiosam.com.mx\/index.php\/product\/refrigerador-duo-whirlpool-18p3-ccwsz57l18dm\/","title":{"rendered":"Refrigerador duo Whirlpool 18p3 \u2013 CCWSZ57L18DM"},"content":{"rendered":"<p><b>Descripci\u00f3n:<\/b><\/p>\n<p>Este conjunto ofrece caracter\u00edsticas como iluminaci\u00f3n LED, control de temperatura electr\u00f3nico, alarma de temperatura, y opciones de almacenamiento flexibles. Si tienes m\u00e1s preguntas o necesitas informaci\u00f3n adicional, no dudes en preguntar.<\/p>\n","protected":false},"excerpt":{"rendered":"<p>Descripci\u00f3n: Este conjunto ofrece caracter\u00edsticas como iluminaci\u00f3n LED, control de temperatura electr\u00f3nico, alarma de temperatura, y opciones de almacenamiento flexibles. Si tienes m\u00e1s preguntas o necesitas informaci\u00f3n adicional, no dudes en preguntar.<\/p>\n","protected":false},"featured_media":6231,"template":"","meta":{"_joinchat":[]},"product_brand":[],"product_cat":[15],"product_tag":[204],"class_list":{"0":"post-6229","1":"product","2":"type-product","3":"status-publish","4":"has-post-thumbnail","6":"product_cat-uncategorized","7":"product_tag-whirlpool","9":"first","10":"instock","11":"shipping-taxable","12":"product-type-simple"},"_links":{"self":[{"href":"https:\/\/eltiosam.com.mx\/index.php\/wp-json\/wp\/v2\/product\/6229","targetHints":{"allow":["GET"]}}],"collection":[{"href":"https:\/\/eltiosam.com.mx\/index.php\/wp-json\/wp\/v2\/product"}],"about":[{"href":"https:\/\/eltiosam.com.mx\/index.php\/wp-json\/wp\/v2\/types\/product"}],"wp:featuredmedia":[{"embeddable":true,"href":"https:\/\/eltiosam.com.mx\/index.php\/wp-json\/wp\/v2\/media\/6231"}],"wp:attachment":[{"href":"https:\/\/eltiosam.com.mx\/index.php\/wp-json\/wp\/v2\/media?parent=6229"}],"wp:term":[{"taxonomy":"product_brand","embeddable":true,"href":"https:\/\/eltiosam.com.mx\/index.php\/wp-json\/wp\/v2\/product_brand?post=6229"},{"taxonomy":"product_cat","embeddable":true,"href":"https:\/\/eltiosam.com.mx\/index.php\/wp-json\/wp\/v2\/product_cat?post=6229"},{"taxonomy":"product_tag","embeddable":true,"href":"https:\/\/eltiosam.com.mx\/index.php\/wp-json\/wp\/v2\/product_tag?post=6229"}],"curies":[{"name":"wp","href":"https:\/\/api.w.org\/{rel}","templated":true}]}}