{"id":6206,"date":"2023-11-30T18:26:24","date_gmt":"2023-11-30T18:26:24","guid":{"rendered":"https:\/\/eltiosam.com.mx\/?post_type=product&#038;p=6206"},"modified":"2024-02-09T20:58:55","modified_gmt":"2024-02-09T20:58:55","slug":"filtro-de-reemplazo-whirlpool-w10209827","status":"publish","type":"product","link":"https:\/\/eltiosam.com.mx\/index.php\/product\/filtro-de-reemplazo-whirlpool-w10209827\/","title":{"rendered":"Filtro de reemplazo Whirlpool \u2013 W10209827"},"content":{"rendered":"<p><strong>Descripci\u00f3n:<\/strong><br \/>\nFiltro de reemplazo de sedimentos para sistemas de purificaci\u00f3n de agua por \u00f3smosis inversa<\/p>\n","protected":false},"excerpt":{"rendered":"<p>Descripci\u00f3n: Filtro de reemplazo de sedimentos para sistemas de purificaci\u00f3n de agua por \u00f3smosis inversa<\/p>\n","protected":false},"featured_media":6207,"template":"","meta":{"_joinchat":[]},"product_brand":[],"product_cat":[214],"product_tag":[204],"class_list":{"0":"post-6206","1":"product","2":"type-product","3":"status-publish","4":"has-post-thumbnail","6":"product_cat-filtros","7":"product_tag-whirlpool","9":"first","10":"instock","11":"shipping-taxable","12":"product-type-simple"},"_links":{"self":[{"href":"https:\/\/eltiosam.com.mx\/index.php\/wp-json\/wp\/v2\/product\/6206","targetHints":{"allow":["GET"]}}],"collection":[{"href":"https:\/\/eltiosam.com.mx\/index.php\/wp-json\/wp\/v2\/product"}],"about":[{"href":"https:\/\/eltiosam.com.mx\/index.php\/wp-json\/wp\/v2\/types\/product"}],"wp:featuredmedia":[{"embeddable":true,"href":"https:\/\/eltiosam.com.mx\/index.php\/wp-json\/wp\/v2\/media\/6207"}],"wp:attachment":[{"href":"https:\/\/eltiosam.com.mx\/index.php\/wp-json\/wp\/v2\/media?parent=6206"}],"wp:term":[{"taxonomy":"product_brand","embeddable":true,"href":"https:\/\/eltiosam.com.mx\/index.php\/wp-json\/wp\/v2\/product_brand?post=6206"},{"taxonomy":"product_cat","embeddable":true,"href":"https:\/\/eltiosam.com.mx\/index.php\/wp-json\/wp\/v2\/product_cat?post=6206"},{"taxonomy":"product_tag","embeddable":true,"href":"https:\/\/eltiosam.com.mx\/index.php\/wp-json\/wp\/v2\/product_tag?post=6206"}],"curies":[{"name":"wp","href":"https:\/\/api.w.org\/{rel}","templated":true}]}}