{"id":6203,"date":"2023-11-30T18:24:44","date_gmt":"2023-11-30T18:24:44","guid":{"rendered":"https:\/\/eltiosam.com.mx\/?post_type=product&#038;p=6203"},"modified":"2024-02-27T21:45:07","modified_gmt":"2024-02-27T21:45:07","slug":"whirlpool-w10209828-paquete-filtro-reemplazo","status":"publish","type":"product","link":"https:\/\/eltiosam.com.mx\/index.php\/product\/whirlpool-w10209828-paquete-filtro-reemplazo\/","title":{"rendered":"Whirlpool W10209828 Paquete Filtro Reemplazo"},"content":{"rendered":"<p><strong>Descripci\u00f3n:<\/strong><\/p>\n<p>Este cartucho de repuesto utiliza carb\u00f3n activado para la purificaci\u00f3n del agua. Es espec\u00edficamente dise\u00f1ado para sistemas de \u00f3smosis inversa. Recuerda seguir las instrucciones del fabricante al cambiar o instalar este filtro. Si tienes m\u00e1s preguntas o necesitas informaci\u00f3n adicional, no dudes en preguntar.<\/p>\n","protected":false},"excerpt":{"rendered":"<p>Descripci\u00f3n: Este cartucho de repuesto utiliza carb\u00f3n activado para la purificaci\u00f3n del agua. Es espec\u00edficamente dise\u00f1ado para sistemas de \u00f3smosis inversa. Recuerda seguir las instrucciones del fabricante al cambiar o instalar este filtro. Si tienes m\u00e1s preguntas o necesitas informaci\u00f3n adicional, no dudes en preguntar.<\/p>\n","protected":false},"featured_media":6204,"template":"","meta":{"_joinchat":[]},"product_brand":[],"product_cat":[214],"product_tag":[204],"class_list":{"0":"post-6203","1":"product","2":"type-product","3":"status-publish","4":"has-post-thumbnail","6":"product_cat-filtros","7":"product_tag-whirlpool","9":"first","10":"instock","11":"shipping-taxable","12":"product-type-simple"},"_links":{"self":[{"href":"https:\/\/eltiosam.com.mx\/index.php\/wp-json\/wp\/v2\/product\/6203","targetHints":{"allow":["GET"]}}],"collection":[{"href":"https:\/\/eltiosam.com.mx\/index.php\/wp-json\/wp\/v2\/product"}],"about":[{"href":"https:\/\/eltiosam.com.mx\/index.php\/wp-json\/wp\/v2\/types\/product"}],"wp:featuredmedia":[{"embeddable":true,"href":"https:\/\/eltiosam.com.mx\/index.php\/wp-json\/wp\/v2\/media\/6204"}],"wp:attachment":[{"href":"https:\/\/eltiosam.com.mx\/index.php\/wp-json\/wp\/v2\/media?parent=6203"}],"wp:term":[{"taxonomy":"product_brand","embeddable":true,"href":"https:\/\/eltiosam.com.mx\/index.php\/wp-json\/wp\/v2\/product_brand?post=6203"},{"taxonomy":"product_cat","embeddable":true,"href":"https:\/\/eltiosam.com.mx\/index.php\/wp-json\/wp\/v2\/product_cat?post=6203"},{"taxonomy":"product_tag","embeddable":true,"href":"https:\/\/eltiosam.com.mx\/index.php\/wp-json\/wp\/v2\/product_tag?post=6203"}],"curies":[{"name":"wp","href":"https:\/\/api.w.org\/{rel}","templated":true}]}}