{"id":6200,"date":"2023-11-30T18:22:47","date_gmt":"2023-11-30T18:22:47","guid":{"rendered":"https:\/\/eltiosam.com.mx\/?post_type=product&#038;p=6200"},"modified":"2024-02-27T21:37:57","modified_gmt":"2024-02-27T21:37:57","slug":"whirlpool-w10209821-membrana-reemplazo","status":"publish","type":"product","link":"https:\/\/eltiosam.com.mx\/index.php\/product\/whirlpool-w10209821-membrana-reemplazo\/","title":{"rendered":"Whirlpool W10209821 Membrana Reemplazo"},"content":{"rendered":"<p><strong>Descripci\u00f3n del producto:<\/strong><\/p>\n<p>Este cartucho de repuesto para tratamiento de agua est\u00e1 dise\u00f1ado espec\u00edficamente para sistemas de purificaci\u00f3n de agua por \u00f3smosis inversa Whirlpool. Al ser un filtro de membrana, su funci\u00f3n principal es eliminar bacterias y part\u00edculas no deseadas en el agua. La duraci\u00f3n estimada de este cartucho es de 2 a\u00f1os.<\/p>\n","protected":false},"excerpt":{"rendered":"<p>Descripci\u00f3n del producto: Este cartucho de repuesto para tratamiento de agua est\u00e1 dise\u00f1ado espec\u00edficamente para sistemas de purificaci\u00f3n de agua por \u00f3smosis inversa Whirlpool. Al ser un filtro de membrana, su funci\u00f3n principal es eliminar bacterias y part\u00edculas no deseadas en el agua. La duraci\u00f3n estimada de este cartucho es de 2 a\u00f1os.<\/p>\n","protected":false},"featured_media":6202,"template":"","meta":{"_joinchat":[]},"product_brand":[],"product_cat":[214],"product_tag":[204],"class_list":{"0":"post-6200","1":"product","2":"type-product","3":"status-publish","4":"has-post-thumbnail","6":"product_cat-filtros","7":"product_tag-whirlpool","9":"first","10":"instock","11":"shipping-taxable","12":"product-type-simple"},"_links":{"self":[{"href":"https:\/\/eltiosam.com.mx\/index.php\/wp-json\/wp\/v2\/product\/6200","targetHints":{"allow":["GET"]}}],"collection":[{"href":"https:\/\/eltiosam.com.mx\/index.php\/wp-json\/wp\/v2\/product"}],"about":[{"href":"https:\/\/eltiosam.com.mx\/index.php\/wp-json\/wp\/v2\/types\/product"}],"wp:featuredmedia":[{"embeddable":true,"href":"https:\/\/eltiosam.com.mx\/index.php\/wp-json\/wp\/v2\/media\/6202"}],"wp:attachment":[{"href":"https:\/\/eltiosam.com.mx\/index.php\/wp-json\/wp\/v2\/media?parent=6200"}],"wp:term":[{"taxonomy":"product_brand","embeddable":true,"href":"https:\/\/eltiosam.com.mx\/index.php\/wp-json\/wp\/v2\/product_brand?post=6200"},{"taxonomy":"product_cat","embeddable":true,"href":"https:\/\/eltiosam.com.mx\/index.php\/wp-json\/wp\/v2\/product_cat?post=6200"},{"taxonomy":"product_tag","embeddable":true,"href":"https:\/\/eltiosam.com.mx\/index.php\/wp-json\/wp\/v2\/product_tag?post=6200"}],"curies":[{"name":"wp","href":"https:\/\/api.w.org\/{rel}","templated":true}]}}