{"id":6183,"date":"2023-11-30T18:12:36","date_gmt":"2023-11-30T18:12:36","guid":{"rendered":"https:\/\/eltiosam.com.mx\/?post_type=product&#038;p=6183"},"modified":"2026-03-17T23:08:56","modified_gmt":"2026-03-17T23:08:56","slug":"lavadora-whirlpool-7mwfw6605mc-23kg","status":"publish","type":"product","link":"https:\/\/eltiosam.com.mx\/index.php\/product\/lavadora-whirlpool-7mwfw6605mc-23kg\/","title":{"rendered":"Lavadora Whirlpool 7MWFW6605MC 23Kg"},"content":{"rendered":"<h3>Descripci\u00f3n:<\/h3>\n<ul>\n<li><strong>Tecnolog\u00eda:<\/strong> Xpert Inverter para mayor eficiencia energ\u00e9tica y ahorro de agua<\/li>\n<li><strong>Funciones Especiales:<\/strong>\n<ul>\n<li><strong>Steam Clean:<\/strong> Ayuda a remover manchas dif\u00edciles<\/li>\n<li><strong>Tumble Fresh:<\/strong> Mantiene la ropa m\u00e1s fresca y libre de olores<\/li>\n<\/ul>\n<\/li>\n<li><strong>Panel de Control:<\/strong> Digital &#8220;Qu\u00e9 y C\u00f3mo lavar&#8221; para personalizar los ciclos<\/li>\n<li><strong>Motor:<\/strong> Direct Drive Inverter<\/li>\n<li><strong>Ciclo de Sanitizaci\u00f3n:<\/strong> Para eliminaci\u00f3n de g\u00e9rmenes y bacterias<\/li>\n<li><strong>Tecnolog\u00eda Automatic Load Sensing:<\/strong> Ajusta el consumo de agua seg\u00fan el tama\u00f1o de la carga<\/li>\n<li><strong>Dimensiones (Ancho x Alto x Fondo):<\/strong> 69 cm x 98,10 cm x 84,20 cm<\/li>\n<li><strong>Consumo M\u00ednimo Energ\u00e9tico:<\/strong> 5.32 kWh\/Mes<\/li>\n<li><strong>N\u00famero de Programas de Lavado:<\/strong> 37 Ciclos<\/li>\n<li><strong>Material de la Tina:<\/strong> 100% Acero Inoxidable<\/li>\n<li><strong>Niveles de Agua:<\/strong> Autom\u00e1tico<\/li>\n<\/ul>\n<p><syndigo-powerpage pageid=\"5140496\"><\/syndigo-powerpage><\/p>\n","protected":false},"excerpt":{"rendered":"<p>Descripci\u00f3n: Tecnolog\u00eda: Xpert Inverter para mayor eficiencia energ\u00e9tica y ahorro de agua Funciones Especiales: Steam Clean: Ayuda a remover manchas dif\u00edciles Tumble Fresh: Mantiene la ropa m\u00e1s fresca y libre de olores Panel de Control: Digital &#8220;Qu\u00e9 y C\u00f3mo lavar&#8221; para personalizar los ciclos Motor: Direct Drive Inverter Ciclo de Sanitizaci\u00f3n: Para eliminaci\u00f3n de g\u00e9rmenes [&hellip;]<\/p>\n","protected":false},"featured_media":6185,"template":"","meta":{"_joinchat":[]},"product_brand":[],"product_cat":[180],"product_tag":[204],"class_list":{"0":"post-6183","1":"product","2":"type-product","3":"status-publish","4":"has-post-thumbnail","6":"product_cat-lavadoras-carga-frontal","7":"product_tag-whirlpool","9":"first","10":"instock","11":"shipping-taxable","12":"product-type-simple"},"_links":{"self":[{"href":"https:\/\/eltiosam.com.mx\/index.php\/wp-json\/wp\/v2\/product\/6183","targetHints":{"allow":["GET"]}}],"collection":[{"href":"https:\/\/eltiosam.com.mx\/index.php\/wp-json\/wp\/v2\/product"}],"about":[{"href":"https:\/\/eltiosam.com.mx\/index.php\/wp-json\/wp\/v2\/types\/product"}],"wp:featuredmedia":[{"embeddable":true,"href":"https:\/\/eltiosam.com.mx\/index.php\/wp-json\/wp\/v2\/media\/6185"}],"wp:attachment":[{"href":"https:\/\/eltiosam.com.mx\/index.php\/wp-json\/wp\/v2\/media?parent=6183"}],"wp:term":[{"taxonomy":"product_brand","embeddable":true,"href":"https:\/\/eltiosam.com.mx\/index.php\/wp-json\/wp\/v2\/product_brand?post=6183"},{"taxonomy":"product_cat","embeddable":true,"href":"https:\/\/eltiosam.com.mx\/index.php\/wp-json\/wp\/v2\/product_cat?post=6183"},{"taxonomy":"product_tag","embeddable":true,"href":"https:\/\/eltiosam.com.mx\/index.php\/wp-json\/wp\/v2\/product_tag?post=6183"}],"curies":[{"name":"wp","href":"https:\/\/api.w.org\/{rel}","templated":true}]}}