{"id":6178,"date":"2023-11-30T18:09:47","date_gmt":"2023-11-30T18:09:47","guid":{"rendered":"https:\/\/eltiosam.com.mx\/?post_type=product&#038;p=6178"},"modified":"2026-03-17T23:10:30","modified_gmt":"2026-03-17T23:10:30","slug":"secadora-de-gas-whirlpool-de-20-kg-con-14-ciclos-7mwgd1930jm","status":"publish","type":"product","link":"https:\/\/eltiosam.com.mx\/index.php\/product\/secadora-de-gas-whirlpool-de-20-kg-con-14-ciclos-7mwgd1930jm\/","title":{"rendered":"Secadora de gas Whirlpool de 20 kg con 14 ciclos 7MWGD1930JM"},"content":{"rendered":"<div class=\"flex-1 overflow-hidden\">\n<div class=\"react-scroll-to-bottom--css-ejlfc-79elbk h-full\">\n<div class=\"react-scroll-to-bottom--css-ejlfc-1n7m0yu\">\n<div class=\"flex flex-col pb-9 text-sm\">\n<div class=\"w-full text-token-text-primary\" data-testid=\"conversation-turn-195\">\n<div class=\"px-4 py-2 justify-center text-base md:gap-6 m-auto\">\n<div class=\"flex flex-1 text-base mx-auto gap-3 md:px-5 lg:px-1 xl:px-5 md:max-w-3xl lg:max-w-[40rem] xl:max-w-[48rem] group final-completion\">\n<div class=\"relative flex w-full flex-col lg:w-[calc(100%-115px)] agent-turn\">\n<div class=\"flex-col gap-1 md:gap-3\">\n<div class=\"flex flex-grow flex-col max-w-full\">\n<div class=\"min-h-[20px] text-message flex flex-col items-start gap-3 whitespace-pre-wrap break-words [.text-message+&amp;]:mt-5 overflow-x-auto\" data-message-author-role=\"assistant\" data-message-id=\"103cb908-0d99-4cc9-b0b6-1fdd78bff06d\">\n<div class=\"markdown prose w-full break-words dark:prose-invert light\">\n<p>Descripci\u00f3n:<\/p>\n<p>Esta secadora ofrece una amplia variedad de ciclos y opciones de secado, incluyendo la conveniente funci\u00f3n AutoDry que optimiza el consumo de energ\u00eda. Si tienes m\u00e1s preguntas o necesitas informaci\u00f3n adicional, no dudes en preguntar.\n<\/p><\/div>\n<\/div>\n<\/div>\n<\/div>\n<\/div>\n<\/div>\n<\/div>\n<\/div>\n<\/div>\n<\/div>\n<\/div>\n<\/div>\n<p><syndigo-powerpage pageid=\"5340416\"><\/syndigo-powerpage><\/p>\n","protected":false},"excerpt":{"rendered":"<p>Descripci\u00f3n: Esta secadora ofrece una amplia variedad de ciclos y opciones de secado, incluyendo la conveniente funci\u00f3n AutoDry que optimiza el consumo de energ\u00eda. Si tienes m\u00e1s preguntas o necesitas informaci\u00f3n adicional, no dudes en preguntar.<\/p>\n","protected":false},"featured_media":6182,"template":"","meta":{"_joinchat":[]},"product_brand":[],"product_cat":[198],"product_tag":[204],"class_list":{"0":"post-6178","1":"product","2":"type-product","3":"status-publish","4":"has-post-thumbnail","6":"product_cat-secadoras","7":"product_tag-whirlpool","9":"first","10":"instock","11":"shipping-taxable","12":"product-type-simple"},"_links":{"self":[{"href":"https:\/\/eltiosam.com.mx\/index.php\/wp-json\/wp\/v2\/product\/6178","targetHints":{"allow":["GET"]}}],"collection":[{"href":"https:\/\/eltiosam.com.mx\/index.php\/wp-json\/wp\/v2\/product"}],"about":[{"href":"https:\/\/eltiosam.com.mx\/index.php\/wp-json\/wp\/v2\/types\/product"}],"wp:featuredmedia":[{"embeddable":true,"href":"https:\/\/eltiosam.com.mx\/index.php\/wp-json\/wp\/v2\/media\/6182"}],"wp:attachment":[{"href":"https:\/\/eltiosam.com.mx\/index.php\/wp-json\/wp\/v2\/media?parent=6178"}],"wp:term":[{"taxonomy":"product_brand","embeddable":true,"href":"https:\/\/eltiosam.com.mx\/index.php\/wp-json\/wp\/v2\/product_brand?post=6178"},{"taxonomy":"product_cat","embeddable":true,"href":"https:\/\/eltiosam.com.mx\/index.php\/wp-json\/wp\/v2\/product_cat?post=6178"},{"taxonomy":"product_tag","embeddable":true,"href":"https:\/\/eltiosam.com.mx\/index.php\/wp-json\/wp\/v2\/product_tag?post=6178"}],"curies":[{"name":"wp","href":"https:\/\/api.w.org\/{rel}","templated":true}]}}