{"id":6173,"date":"2023-11-30T18:06:51","date_gmt":"2023-11-30T18:06:51","guid":{"rendered":"https:\/\/eltiosam.com.mx\/?post_type=product&#038;p=6173"},"modified":"2026-03-17T23:11:10","modified_gmt":"2026-03-17T23:11:10","slug":"secadora-whirlpool-automatica-7mwgd2040jm-21-kg-color-blanco","status":"publish","type":"product","link":"https:\/\/eltiosam.com.mx\/index.php\/product\/secadora-whirlpool-automatica-7mwgd2040jm-21-kg-color-blanco\/","title":{"rendered":"Secadora Whirlpool Autom\u00e1tica 7MWGD2040JM 21 kg color Blanco"},"content":{"rendered":"<p>Descripci\u00f3n:<\/p>\n<p>Esta secadora ofrece una capacidad generosa de 21 kg y utiliza el sistema de secado Xpert Dry Sensor. Tiene diversas opciones de ciclos, control de temperatura y cuenta con un indicador de fin de ciclo. Su dise\u00f1o de carga superior puede ser conveniente en determinadas situaciones. Si tienes alguna pregunta espec\u00edfica o necesitas m\u00e1s detalles sobre alguna funci\u00f3n, no dudes en preguntar.<\/p>\n<p><syndigo-powerpage pageid=\"5340412\"><\/syndigo-powerpage><\/p>\n","protected":false},"excerpt":{"rendered":"<p>Descripci\u00f3n: Esta secadora ofrece una capacidad generosa de 21 kg y utiliza el sistema de secado Xpert Dry Sensor. Tiene diversas opciones de ciclos, control de temperatura y cuenta con un indicador de fin de ciclo. Su dise\u00f1o de carga superior puede ser conveniente en determinadas situaciones. Si tienes alguna pregunta espec\u00edfica o necesitas m\u00e1s [&hellip;]<\/p>\n","protected":false},"featured_media":6177,"template":"","meta":{"_joinchat":[]},"product_brand":[],"product_cat":[198],"product_tag":[204],"class_list":{"0":"post-6173","1":"product","2":"type-product","3":"status-publish","4":"has-post-thumbnail","6":"product_cat-secadoras","7":"product_tag-whirlpool","9":"first","10":"instock","11":"shipping-taxable","12":"product-type-simple"},"_links":{"self":[{"href":"https:\/\/eltiosam.com.mx\/index.php\/wp-json\/wp\/v2\/product\/6173","targetHints":{"allow":["GET"]}}],"collection":[{"href":"https:\/\/eltiosam.com.mx\/index.php\/wp-json\/wp\/v2\/product"}],"about":[{"href":"https:\/\/eltiosam.com.mx\/index.php\/wp-json\/wp\/v2\/types\/product"}],"wp:featuredmedia":[{"embeddable":true,"href":"https:\/\/eltiosam.com.mx\/index.php\/wp-json\/wp\/v2\/media\/6177"}],"wp:attachment":[{"href":"https:\/\/eltiosam.com.mx\/index.php\/wp-json\/wp\/v2\/media?parent=6173"}],"wp:term":[{"taxonomy":"product_brand","embeddable":true,"href":"https:\/\/eltiosam.com.mx\/index.php\/wp-json\/wp\/v2\/product_brand?post=6173"},{"taxonomy":"product_cat","embeddable":true,"href":"https:\/\/eltiosam.com.mx\/index.php\/wp-json\/wp\/v2\/product_cat?post=6173"},{"taxonomy":"product_tag","embeddable":true,"href":"https:\/\/eltiosam.com.mx\/index.php\/wp-json\/wp\/v2\/product_tag?post=6173"}],"curies":[{"name":"wp","href":"https:\/\/api.w.org\/{rel}","templated":true}]}}