{"id":6163,"date":"2023-11-30T17:56:56","date_gmt":"2023-11-30T17:56:56","guid":{"rendered":"https:\/\/eltiosam.com.mx\/?post_type=product&#038;p=6163"},"modified":"2026-03-17T23:12:25","modified_gmt":"2026-03-17T23:12:25","slug":"secadora-de-gas-whirlpool-de-23-kg-con-37-7mwgd6605mw","status":"publish","type":"product","link":"https:\/\/eltiosam.com.mx\/index.php\/product\/secadora-de-gas-whirlpool-de-23-kg-con-37-7mwgd6605mw\/","title":{"rendered":"Secadora de gas Whirlpool de 23 kg con 37 7mwgd6605mw"},"content":{"rendered":"<h3>Descripci\u00f3n:<\/h3>\n<ul>\n<li><strong>Opci\u00f3n Wrinkle Shield:<\/strong> Evita las arrugas en las prendas<\/li>\n<li><strong>Ciclo Steam Refresh:<\/strong> Previene malos olores causados por la humedad<\/li>\n<li><strong>Panel Digital &#8220;Qu\u00e9 y C\u00f3mo&#8221; Secar:<\/strong> Permite personalizar los ciclos para un mejor desempe\u00f1o<\/li>\n<li><strong>Tecnolog\u00eda Advanced Moisture Sensing:<\/strong> Detecta la humedad y ajusta el nivel de secado<\/li>\n<li><strong>Opci\u00f3n Eco Boost:<\/strong> Ayuda al ahorro energ\u00e9tico<\/li>\n<li><strong>Ciclo de Sanitizaci\u00f3n<\/strong><\/li>\n<li><strong>Dimensiones:<\/strong>\n<ul>\n<li><strong>Profundidad:<\/strong> 787 mm<\/li>\n<li><strong>Altura:<\/strong> 984 mm<\/li>\n<\/ul>\n<\/li>\n<\/ul>\n<p><syndigo-powerpage pageid=\"5340495\"><\/syndigo-powerpage><\/p>\n","protected":false},"excerpt":{"rendered":"<p>Descripci\u00f3n: Opci\u00f3n Wrinkle Shield: Evita las arrugas en las prendas Ciclo Steam Refresh: Previene malos olores causados por la humedad Panel Digital &#8220;Qu\u00e9 y C\u00f3mo&#8221; Secar: Permite personalizar los ciclos para un mejor desempe\u00f1o Tecnolog\u00eda Advanced Moisture Sensing: Detecta la humedad y ajusta el nivel de secado Opci\u00f3n Eco Boost: Ayuda al ahorro energ\u00e9tico Ciclo [&hellip;]<\/p>\n","protected":false},"featured_media":6167,"template":"","meta":{"_joinchat":[]},"product_brand":[],"product_cat":[198],"product_tag":[204],"class_list":{"0":"post-6163","1":"product","2":"type-product","3":"status-publish","4":"has-post-thumbnail","6":"product_cat-secadoras","7":"product_tag-whirlpool","9":"first","10":"instock","11":"shipping-taxable","12":"product-type-simple"},"_links":{"self":[{"href":"https:\/\/eltiosam.com.mx\/index.php\/wp-json\/wp\/v2\/product\/6163","targetHints":{"allow":["GET"]}}],"collection":[{"href":"https:\/\/eltiosam.com.mx\/index.php\/wp-json\/wp\/v2\/product"}],"about":[{"href":"https:\/\/eltiosam.com.mx\/index.php\/wp-json\/wp\/v2\/types\/product"}],"wp:featuredmedia":[{"embeddable":true,"href":"https:\/\/eltiosam.com.mx\/index.php\/wp-json\/wp\/v2\/media\/6167"}],"wp:attachment":[{"href":"https:\/\/eltiosam.com.mx\/index.php\/wp-json\/wp\/v2\/media?parent=6163"}],"wp:term":[{"taxonomy":"product_brand","embeddable":true,"href":"https:\/\/eltiosam.com.mx\/index.php\/wp-json\/wp\/v2\/product_brand?post=6163"},{"taxonomy":"product_cat","embeddable":true,"href":"https:\/\/eltiosam.com.mx\/index.php\/wp-json\/wp\/v2\/product_cat?post=6163"},{"taxonomy":"product_tag","embeddable":true,"href":"https:\/\/eltiosam.com.mx\/index.php\/wp-json\/wp\/v2\/product_tag?post=6163"}],"curies":[{"name":"wp","href":"https:\/\/api.w.org\/{rel}","templated":true}]}}