{"id":6122,"date":"2023-11-30T17:31:22","date_gmt":"2023-11-30T17:31:22","guid":{"rendered":"https:\/\/eltiosam.com.mx\/?post_type=product&#038;p=6122"},"modified":"2024-02-08T14:08:15","modified_gmt":"2024-02-08T14:08:15","slug":"estufa-a-gas-whirlpool-76-cm-wfr9000s","status":"publish","type":"product","link":"https:\/\/eltiosam.com.mx\/index.php\/product\/estufa-a-gas-whirlpool-76-cm-wfr9000s\/","title":{"rendered":"Estufa a gas Whirlpool 76 cm WFR9000S"},"content":{"rendered":"<p><strong>Descripci\u00f3n:<\/strong> Esta estufa ofrece diversas funciones y caracter\u00edsticas que pueden hacer que cocinar sea m\u00e1s c\u00f3modo y eficiente. Si tienes alguna pregunta adicional o necesitas m\u00e1s detalles sobre alguna caracter\u00edstica, estoy aqu\u00ed para ayudarte.<\/p>\n","protected":false},"excerpt":{"rendered":"<p>Descripci\u00f3n: Esta estufa ofrece diversas funciones y caracter\u00edsticas que pueden hacer que cocinar sea m\u00e1s c\u00f3modo y eficiente. Si tienes alguna pregunta adicional o necesitas m\u00e1s detalles sobre alguna caracter\u00edstica, estoy aqu\u00ed para ayudarte.<\/p>\n","protected":false},"featured_media":6127,"template":"","meta":{"_joinchat":[]},"product_brand":[],"product_cat":[29,62],"product_tag":[204],"class_list":{"0":"post-6122","1":"product","2":"type-product","3":"status-publish","4":"has-post-thumbnail","6":"product_cat-coccion","7":"product_cat-estufas","8":"product_tag-whirlpool","10":"first","11":"instock","12":"shipping-taxable","13":"product-type-simple"},"_links":{"self":[{"href":"https:\/\/eltiosam.com.mx\/index.php\/wp-json\/wp\/v2\/product\/6122","targetHints":{"allow":["GET"]}}],"collection":[{"href":"https:\/\/eltiosam.com.mx\/index.php\/wp-json\/wp\/v2\/product"}],"about":[{"href":"https:\/\/eltiosam.com.mx\/index.php\/wp-json\/wp\/v2\/types\/product"}],"wp:featuredmedia":[{"embeddable":true,"href":"https:\/\/eltiosam.com.mx\/index.php\/wp-json\/wp\/v2\/media\/6127"}],"wp:attachment":[{"href":"https:\/\/eltiosam.com.mx\/index.php\/wp-json\/wp\/v2\/media?parent=6122"}],"wp:term":[{"taxonomy":"product_brand","embeddable":true,"href":"https:\/\/eltiosam.com.mx\/index.php\/wp-json\/wp\/v2\/product_brand?post=6122"},{"taxonomy":"product_cat","embeddable":true,"href":"https:\/\/eltiosam.com.mx\/index.php\/wp-json\/wp\/v2\/product_cat?post=6122"},{"taxonomy":"product_tag","embeddable":true,"href":"https:\/\/eltiosam.com.mx\/index.php\/wp-json\/wp\/v2\/product_tag?post=6122"}],"curies":[{"name":"wp","href":"https:\/\/api.w.org\/{rel}","templated":true}]}}