{"id":6116,"date":"2023-11-30T17:27:46","date_gmt":"2023-11-30T17:27:46","guid":{"rendered":"https:\/\/eltiosam.com.mx\/?post_type=product&#038;p=6116"},"modified":"2024-02-09T01:52:50","modified_gmt":"2024-02-09T01:52:50","slug":"estufa-electrica-de-piso-30-whirlpool-wfe515s0js","status":"publish","type":"product","link":"https:\/\/eltiosam.com.mx\/index.php\/product\/estufa-electrica-de-piso-30-whirlpool-wfe515s0js\/","title":{"rendered":"Estufa El\u00e9ctrica de Piso 30&#8243; Whirlpool WFE515S0JS"},"content":{"rendered":"<p><strong>Descripci\u00f3n<\/strong>: Estufa el\u00e9ctrica de 4 quemadores con cubierta de vitrocer\u00e1mica y perillas negras de pl\u00e1stico en el respaldo. Superficie equipada con Upswept SpillGuard, indicador de superficie caliente y elemento raidal FlexHeat. El horno el\u00e9ctrico, cuenta con 2 parrillas est\u00e1ndar, funci\u00f3n para mantener caliente, modo Sabbath, luz incandescente, reloj temporarizador y tecnolog\u00eda ajustable de autolimpieza. Su puerta panor\u00e1mica y jaladera de una pieza, le brinda est\u00e9tica y elegancia a tu cocina.<\/p>\n","protected":false},"excerpt":{"rendered":"<p>Descripci\u00f3n: Estufa el\u00e9ctrica de 4 quemadores con cubierta de vitrocer\u00e1mica y perillas negras de pl\u00e1stico en el respaldo. Superficie equipada con Upswept SpillGuard, indicador de superficie caliente y elemento raidal FlexHeat. El horno el\u00e9ctrico, cuenta con 2 parrillas est\u00e1ndar, funci\u00f3n para mantener caliente, modo Sabbath, luz incandescente, reloj temporarizador y tecnolog\u00eda ajustable de autolimpieza. Su [&hellip;]<\/p>\n","protected":false},"featured_media":6121,"template":"","meta":{"_joinchat":[]},"product_brand":[],"product_cat":[29,62],"product_tag":[204],"class_list":{"0":"post-6116","1":"product","2":"type-product","3":"status-publish","4":"has-post-thumbnail","6":"product_cat-coccion","7":"product_cat-estufas","8":"product_tag-whirlpool","10":"first","11":"instock","12":"shipping-taxable","13":"product-type-simple"},"_links":{"self":[{"href":"https:\/\/eltiosam.com.mx\/index.php\/wp-json\/wp\/v2\/product\/6116","targetHints":{"allow":["GET"]}}],"collection":[{"href":"https:\/\/eltiosam.com.mx\/index.php\/wp-json\/wp\/v2\/product"}],"about":[{"href":"https:\/\/eltiosam.com.mx\/index.php\/wp-json\/wp\/v2\/types\/product"}],"wp:featuredmedia":[{"embeddable":true,"href":"https:\/\/eltiosam.com.mx\/index.php\/wp-json\/wp\/v2\/media\/6121"}],"wp:attachment":[{"href":"https:\/\/eltiosam.com.mx\/index.php\/wp-json\/wp\/v2\/media?parent=6116"}],"wp:term":[{"taxonomy":"product_brand","embeddable":true,"href":"https:\/\/eltiosam.com.mx\/index.php\/wp-json\/wp\/v2\/product_brand?post=6116"},{"taxonomy":"product_cat","embeddable":true,"href":"https:\/\/eltiosam.com.mx\/index.php\/wp-json\/wp\/v2\/product_cat?post=6116"},{"taxonomy":"product_tag","embeddable":true,"href":"https:\/\/eltiosam.com.mx\/index.php\/wp-json\/wp\/v2\/product_tag?post=6116"}],"curies":[{"name":"wp","href":"https:\/\/api.w.org\/{rel}","templated":true}]}}