{"id":6106,"date":"2023-11-30T17:17:27","date_gmt":"2023-11-30T17:17:27","guid":{"rendered":"https:\/\/eltiosam.com.mx\/?post_type=product&#038;p=6106"},"modified":"2024-02-23T20:25:59","modified_gmt":"2024-02-23T20:25:59","slug":"parrilla-whirlpool-wp3050s-73cm","status":"publish","type":"product","link":"https:\/\/eltiosam.com.mx\/index.php\/product\/parrilla-whirlpool-wp3050s-73cm\/","title":{"rendered":"Parrilla Whirlpool WP3050S 73cm"},"content":{"rendered":"<ul>\n<li><b>Descripci\u00f3n:<\/b><\/li>\n<\/ul>\n<p>Esta parrilla ofrece un dise\u00f1o elegante con su cubierta de acero inoxidable y perillas frontales modernas. La capacidad de convertir a gas natural o LP proporciona flexibilidad, y los diferentes quemadores permiten una versatilidad en la cocci\u00f3n. Si tienes alguna pregunta adicional o necesitas m\u00e1s informaci\u00f3n, no dudes en preguntar.<\/p>\n","protected":false},"excerpt":{"rendered":"<p>Descripci\u00f3n: Esta parrilla ofrece un dise\u00f1o elegante con su cubierta de acero inoxidable y perillas frontales modernas. La capacidad de convertir a gas natural o LP proporciona flexibilidad, y los diferentes quemadores permiten una versatilidad en la cocci\u00f3n. Si tienes alguna pregunta adicional o necesitas m\u00e1s informaci\u00f3n, no dudes en preguntar.<\/p>\n","protected":false},"featured_media":6111,"template":"","meta":{"_joinchat":[]},"product_brand":[],"product_cat":[190],"product_tag":[204],"class_list":{"0":"post-6106","1":"product","2":"type-product","3":"status-publish","4":"has-post-thumbnail","6":"product_cat-parrillas-de-gas","7":"product_tag-whirlpool","9":"first","10":"instock","11":"shipping-taxable","12":"product-type-simple"},"_links":{"self":[{"href":"https:\/\/eltiosam.com.mx\/index.php\/wp-json\/wp\/v2\/product\/6106","targetHints":{"allow":["GET"]}}],"collection":[{"href":"https:\/\/eltiosam.com.mx\/index.php\/wp-json\/wp\/v2\/product"}],"about":[{"href":"https:\/\/eltiosam.com.mx\/index.php\/wp-json\/wp\/v2\/types\/product"}],"wp:featuredmedia":[{"embeddable":true,"href":"https:\/\/eltiosam.com.mx\/index.php\/wp-json\/wp\/v2\/media\/6111"}],"wp:attachment":[{"href":"https:\/\/eltiosam.com.mx\/index.php\/wp-json\/wp\/v2\/media?parent=6106"}],"wp:term":[{"taxonomy":"product_brand","embeddable":true,"href":"https:\/\/eltiosam.com.mx\/index.php\/wp-json\/wp\/v2\/product_brand?post=6106"},{"taxonomy":"product_cat","embeddable":true,"href":"https:\/\/eltiosam.com.mx\/index.php\/wp-json\/wp\/v2\/product_cat?post=6106"},{"taxonomy":"product_tag","embeddable":true,"href":"https:\/\/eltiosam.com.mx\/index.php\/wp-json\/wp\/v2\/product_tag?post=6106"}],"curies":[{"name":"wp","href":"https:\/\/api.w.org\/{rel}","templated":true}]}}