{"id":6096,"date":"2023-11-30T17:09:39","date_gmt":"2023-11-30T17:09:39","guid":{"rendered":"https:\/\/eltiosam.com.mx\/?post_type=product&#038;p=6096"},"modified":"2024-02-23T01:14:15","modified_gmt":"2024-02-23T01:14:15","slug":"parrilla-empotrable-whirlpool-5-quemadores-akt790ixl","status":"publish","type":"product","link":"https:\/\/eltiosam.com.mx\/index.php\/product\/parrilla-empotrable-whirlpool-5-quemadores-akt790ixl\/","title":{"rendered":"Parrilla Empotrable Whirlpool 5 Quemadores AKT790IXL"},"content":{"rendered":"<p><strong>Descripci\u00f3n:<\/strong><\/p>\n<p>Esta parrilla cuenta con un dise\u00f1o elegante en acero inoxidable iXelium que facilita la limpieza y conserva el brillo por m\u00e1s tiempo. Adem\u00e1s, incluye caracter\u00edsticas pr\u00e1cticas como el encendido electr\u00f3nico, v\u00e1lvula de corte de gas y 5 quemadores de hierro fundido para una mejor limpieza y versatilidad en la cocina.<\/p>\n<p>Si tienes alguna pregunta espec\u00edfica o necesitas m\u00e1s detalles sobre alguna caracter\u00edstica, estar\u00e9 encantado de ayudarte.<\/p>\n","protected":false},"excerpt":{"rendered":"<p>Descripci\u00f3n: Esta parrilla cuenta con un dise\u00f1o elegante en acero inoxidable iXelium que facilita la limpieza y conserva el brillo por m\u00e1s tiempo. Adem\u00e1s, incluye caracter\u00edsticas pr\u00e1cticas como el encendido electr\u00f3nico, v\u00e1lvula de corte de gas y 5 quemadores de hierro fundido para una mejor limpieza y versatilidad en la cocina. Si tienes alguna pregunta [&hellip;]<\/p>\n","protected":false},"featured_media":6100,"template":"","meta":{"_joinchat":[]},"product_brand":[],"product_cat":[190],"product_tag":[204],"class_list":{"0":"post-6096","1":"product","2":"type-product","3":"status-publish","4":"has-post-thumbnail","6":"product_cat-parrillas-de-gas","7":"product_tag-whirlpool","9":"first","10":"instock","11":"shipping-taxable","12":"product-type-simple"},"_links":{"self":[{"href":"https:\/\/eltiosam.com.mx\/index.php\/wp-json\/wp\/v2\/product\/6096","targetHints":{"allow":["GET"]}}],"collection":[{"href":"https:\/\/eltiosam.com.mx\/index.php\/wp-json\/wp\/v2\/product"}],"about":[{"href":"https:\/\/eltiosam.com.mx\/index.php\/wp-json\/wp\/v2\/types\/product"}],"wp:featuredmedia":[{"embeddable":true,"href":"https:\/\/eltiosam.com.mx\/index.php\/wp-json\/wp\/v2\/media\/6100"}],"wp:attachment":[{"href":"https:\/\/eltiosam.com.mx\/index.php\/wp-json\/wp\/v2\/media?parent=6096"}],"wp:term":[{"taxonomy":"product_brand","embeddable":true,"href":"https:\/\/eltiosam.com.mx\/index.php\/wp-json\/wp\/v2\/product_brand?post=6096"},{"taxonomy":"product_cat","embeddable":true,"href":"https:\/\/eltiosam.com.mx\/index.php\/wp-json\/wp\/v2\/product_cat?post=6096"},{"taxonomy":"product_tag","embeddable":true,"href":"https:\/\/eltiosam.com.mx\/index.php\/wp-json\/wp\/v2\/product_tag?post=6096"}],"curies":[{"name":"wp","href":"https:\/\/api.w.org\/{rel}","templated":true}]}}